{"id":678,"date":"2022-12-18T08:37:40","date_gmt":"2022-12-18T06:37:40","guid":{"rendered":"https:\/\/it.nectarlux.md\/?post_type=product&#038;p=678"},"modified":"2024-07-08T09:07:56","modified_gmt":"2024-07-08T07:07:56","slug":"miere-cu-lamiie-menta-liofilizata","status":"publish","type":"product","link":"https:\/\/it.nectar-lux.com\/it\/magazin\/miere-cu-lamiie-menta-liofilizata\/","title":{"rendered":"Miele al limone e menta liofilizzata"},"content":{"rendered":"<p><em><strong>Miele al limone e menta liofilizzata<\/strong><\/em><\/p>\n<p><em>Abbiamo creato una combinazione di miele millefiori naturale con menta e limone liofilizzati.<\/em><\/p>\n<p>Il cremoso miele multiflora ottenuto dal nostro alveare insieme al lime e alla menta liofilizzata \u00e8 un connubio delizioso e salutare che lo rende amato da grandi e piccini.<\/p>\n<p>Il miele ha un aroma gradevole, ti d\u00e0 la sensazione di respirare aria fresca, un bel colore verdastro di frutti di Menta e Lime Gusto unico: tutto questo \u00e8 naturale, per te! Il miele di menta e limone si sposa bene con t\u00e8, condimenti per insalate e salse fredde. Puoi anche aggiungerlo come aggiunta a carne e formaggi, esaltandoli perfettamente.<\/p>\n<p>Durante il processo di liofilizzazione, menta e lime non perdono il loro aroma, gusto e propriet\u00e0 benefiche, grazie alle quali otteniamo miele completamente naturale con l&#039;aggiunta di menta aromatica e limone. Grazie a questa combinazione di ingredienti otteniamo un intenso aroma di menta e limone unito alla dolcezza del miele.<\/p>\n<p><strong><em>Propriet\u00e0 del miele di menta e tiglio liofilizzato<\/em><\/strong><\/p>\n<p>- tutte le propriet\u00e0 del miele millefiori<\/p>\n<p>- trattamento di tutti i disturbi dell&#039;apparato digerente<\/p>\n<p>- allevia lo stress e migliora la concentrazione<\/p>\n<p>- migliora i sintomi del mal di testa e dell&#039;emicrania<\/p>\n<p>-aiuta a perdere i chili inutili regolando la digestione<\/p>\n<p>-regola l&#039;attivit\u00e0 del fegato<\/p>\n<p><strong>Composizione<\/strong><\/p>\n<p>- miele multiflora 96%<\/p>\n<p>- menta liofilizzata 1.5%<\/p>\n<p>- limone liofilizzato 2.5%<\/p>\n<p>- Peso del prodotto 300 g netti<\/p>\n<div style=\"margin: 20px 0;\"><div class=\"qrcswholewtapper\" style=\"text-align:left;\"><div class=\"qrcprowrapper\"  id=\"qrcwraa2leds\"><div class=\"qrc_canvass\" id=\"qrc_cuttenpages_2\" style=\"display:inline-block\" data-text=\"https:\/\/it.nectar-lux.com\/it\/magazin\/miere-cu-lamiie-menta-liofilizata\/\"><\/div><div><a download=\"Miere cu l\u0103m\u00eeie &#038; ment\u0103 liofilizat\u0103.png\" class=\"qrcdownloads\" id=\"worign\">\r\n           <button type=\"button\" style=\"min-width:512px;background:#d19e12;color:#000;font-weight: 600;border: 1px solid transparent;border-radius:20px;font-size:12px;padding: 6px 0;\" class=\"uqr_code_btn\">Scarica QR \ud83e\udc0b<\/button>\r\n           <\/a><\/div><\/div><\/div><\/div>","protected":false},"excerpt":{"rendered":"<p><em><strong>Miele al limone e menta liofilizzata<\/strong><\/em><\/p>\n<p><strong>Nessun colorante o conservante artificiale, 100% naturale!<\/strong><\/p>\n<p><em>Abbiamo creato una combinazione di miele millefiori naturale con menta e limone liofilizzati.<\/em><\/p>\n<p>Il cremoso miele multiflora ottenuto dal nostro alveare insieme al lime e alla menta liofilizzata \u00e8 un connubio delizioso e salutare che lo rende amato da grandi e piccini.<\/p>\n<p>Il miele ha un aroma gradevole, ti d\u00e0 la sensazione di respirare aria fresca, un bel colore verdastro di frutti di Menta e Lime Gusto unico: tutto questo \u00e8 naturale, per te!<\/p>\n<p>Durante il processo di liofilizzazione, menta e lime non perdono il loro aroma, gusto e propriet\u00e0 benefiche, grazie alle quali otteniamo miele completamente naturale con l&#039;aggiunta di menta aromatica e limone.<\/p>\n<p>Il processo di liofilizzazione permette di preservare il meglio del frutto: gusto, aroma e tutte le vitamine e i minerali.<\/p>\n<p>Il nostro miele sar\u00e0 perfetto con il t\u00e8, sul pane, sulle frittelle, con la ricotta, il gelato e anche direttamente dal barattolo. \u00c8 un perfetto sostituto dei dolci tradizionali.<\/p>\n<p>&nbsp;<\/p>","protected":false},"featured_media":811,"comment_status":"open","ping_status":"closed","template":"","meta":[],"product_brand":[],"product_cat":[63],"product_tag":[93,88,109,101,104,116,113,115,117,128,29,120,119],"class_list":{"0":"post-678","1":"product","2":"type-product","3":"status-publish","4":"has-post-thumbnail","6":"product_cat-miere-crema-cu-fructe","7":"product_tag-100-natural","8":"product_tag-cadou","9":"product_tag-calitate-superioara","10":"product_tag-fara-coloranti","11":"product_tag-fara-conservanti-si-coloranti","12":"product_tag-hand-made","13":"product_tag-imunitate","14":"product_tag-intarirea-imunitatii","15":"product_tag-made-in-moldova","16":"product_tag-miere-cu-lamiiementa-liofilizata","17":"product_tag-miere-naturala","18":"product_tag-prododus-pentru-imunitate","19":"product_tag-supliment-alimentar","22":"first","23":"instock","24":"taxable","25":"shipping-taxable","26":"purchasable","27":"product-type-simple"},"_links":{"self":[{"href":"https:\/\/it.nectar-lux.com\/it\/wp-json\/wp\/v2\/product\/678","targetHints":{"allow":["GET"]}}],"collection":[{"href":"https:\/\/it.nectar-lux.com\/it\/wp-json\/wp\/v2\/product"}],"about":[{"href":"https:\/\/it.nectar-lux.com\/it\/wp-json\/wp\/v2\/types\/product"}],"replies":[{"embeddable":true,"href":"https:\/\/it.nectar-lux.com\/it\/wp-json\/wp\/v2\/comments?post=678"}],"wp:featuredmedia":[{"embeddable":true,"href":"https:\/\/it.nectar-lux.com\/it\/wp-json\/wp\/v2\/media\/811"}],"wp:attachment":[{"href":"https:\/\/it.nectar-lux.com\/it\/wp-json\/wp\/v2\/media?parent=678"}],"wp:term":[{"taxonomy":"product_brand","embeddable":true,"href":"https:\/\/it.nectar-lux.com\/it\/wp-json\/wp\/v2\/product_brand?post=678"},{"taxonomy":"product_cat","embeddable":true,"href":"https:\/\/it.nectar-lux.com\/it\/wp-json\/wp\/v2\/product_cat?post=678"},{"taxonomy":"product_tag","embeddable":true,"href":"https:\/\/it.nectar-lux.com\/it\/wp-json\/wp\/v2\/product_tag?post=678"}],"curies":[{"name":"wp","href":"https:\/\/api.w.org\/{rel}","templated":true}]}}