{"id":677,"date":"2022-12-18T08:34:46","date_gmt":"2022-12-18T06:34:46","guid":{"rendered":"https:\/\/it.nectarlux.md\/?post_type=product&#038;p=677"},"modified":"2024-07-08T09:09:45","modified_gmt":"2024-07-08T07:09:45","slug":"miere-cu-lamiieghimbir-liofilizat","status":"publish","type":"product","link":"https:\/\/it.nectar-lux.com\/it\/magazin\/miere-cu-lamiieghimbir-liofilizat\/","title":{"rendered":"Miele con limone e zenzero liofilizzato"},"content":{"rendered":"<p><em><strong>Miele con limone e zenzero liofilizzato<\/strong><\/em><\/p>\n<p><em>Abbiamo creato una combinazione di miele millefiori naturale con limone e zenzero liofilizzato.<\/em><\/p>\n<p>Il cremoso miele multiflora ottenuto dal nostro alveare insieme al limone liofilizzato e allo zenzero \u00e8 un connubio delizioso e salutare che lo rende amato da grandi e piccini.<\/p>\n<p>Il miele ha un aroma gradevole, ti d\u00e0 una sensazione agrodolce alla fine sentendo il sapore dello zenzero, un colore gradevole - dal giallo pallido al bianco Gusto unico - tutto questo \u00e8 naturale, per te! Il miele di limone e zenzero si sposa bene con t\u00e8, condimenti per insalate e salse fredde. Puoi anche aggiungerlo come aggiunta a carne e formaggi, esaltandoli perfettamente.<\/p>\n<ul>\n<li>aiuta nel processo digestivo<\/li>\n<li>grazie alla presenza del limone \u00e8 ricco di vitamine C ed E, oltre a potassio, magnesio, sodio, ferro.<\/li>\n<li>ha propriet\u00e0 riscaldanti<\/li>\n<li>ha propriet\u00e0 antitumorali e inibisce la crescita delle cellule tumorali<\/li>\n<li>sostiene l&#039;attivit\u00e0 del fegato e dei reni<\/li>\n<li>ha propriet\u00e0 antibatteriche<\/li>\n<\/ul>\n<p><em><strong>Composizione<\/strong><\/em><\/p>\n<ul>\n<li>miele multiflora 96%<\/li>\n<li>limone liofilizzato 2.5%<\/li>\n<li>zenzero liofilizzato 1.5%<\/li>\n<li>Peso del prodotto 300 g netti<\/li>\n<\/ul>\n<div style=\"margin: 20px 0;\"><div class=\"qrcswholewtapper\" style=\"text-align:left;\"><div class=\"qrcprowrapper\"  id=\"qrcwraa2leds\"><div class=\"qrc_canvass\" id=\"qrc_cuttenpages_2\" style=\"display:inline-block\" data-text=\"https:\/\/it.nectar-lux.com\/it\/magazin\/miere-cu-lamiieghimbir-liofilizat\/\"><\/div><div><a download=\"Miere cu l\u0103m\u00eeie &#038; ghimbir liofilizat.png\" class=\"qrcdownloads\" id=\"worign\">\r\n           <button type=\"button\" style=\"min-width:512px;background:#d19e12;color:#000;font-weight: 600;border: 1px solid transparent;border-radius:20px;font-size:12px;padding: 6px 0;\" class=\"uqr_code_btn\">Scarica QR \ud83e\udc0b<\/button>\r\n           <\/a><\/div><\/div><\/div><\/div>","protected":false},"excerpt":{"rendered":"<p><em><strong>Miele con limone e zenzero liofilizzato<\/strong><\/em><\/p>\n<p><strong>Nessun colorante o conservante artificiale, 100% naturale!<\/strong><\/p>\n<p><em>Abbiamo creato una combinazione di miele millefiori naturale con limone e zenzero liofilizzato.<\/em><\/p>\n<p>Il cremoso miele multiflora ottenuto dal nostro alveare insieme al limone liofilizzato e allo zenzero \u00e8 un connubio delizioso e salutare che lo rende amato da grandi e piccini.<\/p>\n<p>Il miele ha un aroma gradevole, ti d\u00e0 una sensazione agrodolce alla fine sentendo il sapore dello zenzero, un colore gradevole - dal giallo pallido al bianco Gusto unico - tutto questo \u00e8 naturale, per te!<\/p>\n<p>Il processo di liofilizzazione permette di preservare il meglio del frutto: gusto, aroma e tutte le vitamine e i minerali.<\/p>\n<p>Il nostro miele sar\u00e0 perfetto con il t\u00e8, sul pane, sulle frittelle, sul gelato e anche direttamente dal barattolo. \u00c8 un perfetto sostituto dei dolci tradizionali.<\/p>","protected":false},"featured_media":817,"comment_status":"open","ping_status":"closed","template":"","meta":[],"product_brand":[],"product_cat":[63],"product_tag":[93,109,104,113,115,117,107,90,127,29,120,119],"class_list":{"0":"post-677","1":"product","2":"type-product","3":"status-publish","4":"has-post-thumbnail","6":"product_cat-miere-crema-cu-fructe","7":"product_tag-100-natural","8":"product_tag-calitate-superioara","9":"product_tag-fara-conservanti-si-coloranti","10":"product_tag-imunitate","11":"product_tag-intarirea-imunitatii","12":"product_tag-made-in-moldova","13":"product_tag-miere-crema","14":"product_tag-miere-cu-gust-fin","15":"product_tag-miere-cu-lamiieghimbir-liofilizat","16":"product_tag-miere-naturala","17":"product_tag-prododus-pentru-imunitate","18":"product_tag-supliment-alimentar","21":"first","22":"instock","23":"taxable","24":"shipping-taxable","25":"purchasable","26":"product-type-simple"},"_links":{"self":[{"href":"https:\/\/it.nectar-lux.com\/it\/wp-json\/wp\/v2\/product\/677","targetHints":{"allow":["GET"]}}],"collection":[{"href":"https:\/\/it.nectar-lux.com\/it\/wp-json\/wp\/v2\/product"}],"about":[{"href":"https:\/\/it.nectar-lux.com\/it\/wp-json\/wp\/v2\/types\/product"}],"replies":[{"embeddable":true,"href":"https:\/\/it.nectar-lux.com\/it\/wp-json\/wp\/v2\/comments?post=677"}],"wp:featuredmedia":[{"embeddable":true,"href":"https:\/\/it.nectar-lux.com\/it\/wp-json\/wp\/v2\/media\/817"}],"wp:attachment":[{"href":"https:\/\/it.nectar-lux.com\/it\/wp-json\/wp\/v2\/media?parent=677"}],"wp:term":[{"taxonomy":"product_brand","embeddable":true,"href":"https:\/\/it.nectar-lux.com\/it\/wp-json\/wp\/v2\/product_brand?post=677"},{"taxonomy":"product_cat","embeddable":true,"href":"https:\/\/it.nectar-lux.com\/it\/wp-json\/wp\/v2\/product_cat?post=677"},{"taxonomy":"product_tag","embeddable":true,"href":"https:\/\/it.nectar-lux.com\/it\/wp-json\/wp\/v2\/product_tag?post=677"}],"curies":[{"name":"wp","href":"https:\/\/api.w.org\/{rel}","templated":true}]}}