{"id":676,"date":"2022-12-18T08:31:30","date_gmt":"2022-12-18T06:31:30","guid":{"rendered":"https:\/\/it.nectarlux.md\/?post_type=product&#038;p=676"},"modified":"2024-07-08T09:11:36","modified_gmt":"2024-07-08T07:11:36","slug":"miere-cu-catina-liofilizata","status":"publish","type":"product","link":"https:\/\/it.nectar-lux.com\/it\/magazin\/miere-cu-catina-liofilizata\/","title":{"rendered":"Miele con olivello spinoso liofilizzato"},"content":{"rendered":"<p><em><strong>Miele con olivello spinoso liofilizzato<\/strong><\/em><\/p>\n<p><em>Abbiamo creato una combinazione perfetta tra miele millefiori naturale e olivello spinoso liofilizzato.<\/em><\/p>\n<p>Il miele millefiori ottenuto dal nostro apiario insieme all&#039;olivello spinoso liofilizzato \u00e8 un connubio delizioso e salutare che lo rende amato da grandi e piccini.<\/p>\n<p>Il miele ha un aroma leggermente acido, d\u00e0 una sensazione agrodolce, di colore da giallastro ad arancione. Gusto unico: tutto questo \u00e8 naturale, per te! Il miele di olivello spinoso si sposa bene con t\u00e8, condimenti per insalata e salse fredde. Puoi anche aggiungerlo come aggiunta a carne e formaggi, esaltandoli perfettamente.<\/p>\n<p><strong>Propriet\u00e0 del miele di olivello spinoso:<\/strong><\/p>\n<ul>\n<li>il miele poliflora \u00e8 consigliato nelle malattie allergiche delle vie respiratorie, ad esempio asma atopica o febbre da fieno<\/li>\n<li>gli zuccheri semplici (glucosio e fruttosio) contenuti nel miele multiflora, facilmente digeribili dall&#039;organismo, costituiscono una preziosa fonte di energia<\/li>\n<li>L&#039;integratore di olivello spinoso contiene 190 sostanze bioattive, tra cui vitamine (C, A, E, F, K, P, B12), oligoelementi, aminoacidi, acidi grassi, antiossidanti e lipidi.<\/li>\n<li>il contenuto di vitamina C nell&#039;olivello spinoso \u00e8 eccezionalmente elevato: circa 500-1500 mg di vitamina C per 100 g di frutto, inoltre il frutto contiene rutina che mantiene la vitamina C nel corpo<\/li>\n<li>L&#039;olivello spinoso contiene circa 4-6 volte pi\u00f9 vitamina A e carotenoidi delle carote, grazie ai quali possiamo integrare in modo efficiente e affidabile le carenze di vitamina A<\/li>\n<li>i frutti dell&#039;olivello spinoso stimolano il sistema immunitario, aiutano a combattere infezioni e microbi<\/li>\n<\/ul>\n<p><strong>Composizione<\/strong><\/p>\n<p>-miele multiflora 97.5%<\/p>\n<p>- olivello spinoso liofilizzato 2.5%<\/p>\n<p>- Peso del prodotto 300 g netti<\/p>\n<div style=\"margin: 20px 0;\"><div class=\"qrcswholewtapper\" style=\"text-align:left;\"><div class=\"qrcprowrapper\"  id=\"qrcwraa2leds\"><div class=\"qrc_canvass\" id=\"qrc_cuttenpages_2\" style=\"display:inline-block\" data-text=\"https:\/\/it.nectar-lux.com\/it\/magazin\/miere-cu-catina-liofilizata\/\"><\/div><div><a download=\"Miere cu C\u0103tin\u0103 liofilizat\u0103.png\" class=\"qrcdownloads\" id=\"worign\">\r\n           <button type=\"button\" style=\"min-width:512px;background:#d19e12;color:#000;font-weight: 600;border: 1px solid transparent;border-radius:20px;font-size:12px;padding: 6px 0;\" class=\"uqr_code_btn\">Scarica QR \ud83e\udc0b<\/button>\r\n           <\/a><\/div><\/div><\/div><\/div>","protected":false},"excerpt":{"rendered":"<p><em><strong>Miele con olivello spinoso liofilizzato<\/strong><\/em><\/p>\n<p><strong>Nessun colorante o conservante artificiale, 100% naturale!<\/strong><\/p>\n<p><em>Abbiamo creato una combinazione perfetta tra miele millefiori naturale e olivello spinoso liofilizzato.<\/em><\/p>\n<p>Il miele millefiori ottenuto dal nostro apiario insieme all&#039;olivello spinoso liofilizzato \u00e8 un connubio delizioso e salutare che lo rende amato da grandi e piccini.<\/p>\n<p>Il miele ha un aroma gradevole, d\u00e0 una sensazione agrodolce, di colore da giallastro ad arancione. Gusto unico: tutto questo \u00e8 naturale, per te!<\/p>\n<p>Il processo di liofilizzazione permette di preservare il meglio del frutto: gusto, aroma e tutte le vitamine e i minerali.<\/p>\n<p>Il nostro miele sar\u00e0 perfetto servito con il t\u00e8, sul pane, sulle frittelle, con la ricotta, sul gelato e anche direttamente dal barattolo. \u00c8 un perfetto sostituto dei dolci tradizionali.<\/p>","protected":false},"featured_media":816,"comment_status":"open","ping_status":"closed","template":"","meta":[],"product_brand":[],"product_cat":[63],"product_tag":[93,109,104,116,113,115,117,126,120,119],"class_list":{"0":"post-676","1":"product","2":"type-product","3":"status-publish","4":"has-post-thumbnail","6":"product_cat-miere-crema-cu-fructe","7":"product_tag-100-natural","8":"product_tag-calitate-superioara","9":"product_tag-fara-conservanti-si-coloranti","10":"product_tag-hand-made","11":"product_tag-imunitate","12":"product_tag-intarirea-imunitatii","13":"product_tag-made-in-moldova","14":"product_tag-miere-cu-catina-liofilizata","15":"product_tag-prododus-pentru-imunitate","16":"product_tag-supliment-alimentar","19":"first","20":"instock","21":"taxable","22":"shipping-taxable","23":"purchasable","24":"product-type-simple"},"_links":{"self":[{"href":"https:\/\/it.nectar-lux.com\/it\/wp-json\/wp\/v2\/product\/676","targetHints":{"allow":["GET"]}}],"collection":[{"href":"https:\/\/it.nectar-lux.com\/it\/wp-json\/wp\/v2\/product"}],"about":[{"href":"https:\/\/it.nectar-lux.com\/it\/wp-json\/wp\/v2\/types\/product"}],"replies":[{"embeddable":true,"href":"https:\/\/it.nectar-lux.com\/it\/wp-json\/wp\/v2\/comments?post=676"}],"wp:featuredmedia":[{"embeddable":true,"href":"https:\/\/it.nectar-lux.com\/it\/wp-json\/wp\/v2\/media\/816"}],"wp:attachment":[{"href":"https:\/\/it.nectar-lux.com\/it\/wp-json\/wp\/v2\/media?parent=676"}],"wp:term":[{"taxonomy":"product_brand","embeddable":true,"href":"https:\/\/it.nectar-lux.com\/it\/wp-json\/wp\/v2\/product_brand?post=676"},{"taxonomy":"product_cat","embeddable":true,"href":"https:\/\/it.nectar-lux.com\/it\/wp-json\/wp\/v2\/product_cat?post=676"},{"taxonomy":"product_tag","embeddable":true,"href":"https:\/\/it.nectar-lux.com\/it\/wp-json\/wp\/v2\/product_tag?post=676"}],"curies":[{"name":"wp","href":"https:\/\/api.w.org\/{rel}","templated":true}]}}