{"id":368,"date":"2021-11-28T01:49:08","date_gmt":"2021-11-27T23:49:08","guid":{"rendered":"https:\/\/it.nectarlux.md\/?post_type=product&#038;p=368"},"modified":"2024-07-08T09:02:28","modified_gmt":"2024-07-08T07:02:28","slug":"goodhoney-miere-de-albini-poliflora","status":"publish","type":"product","link":"https:\/\/it.nectar-lux.com\/it\/magazin\/goodhoney-miere-de-albini-poliflora\/","title":{"rendered":"GoodHoney \u2013 Miele Poliflora"},"content":{"rendered":"<p><strong><em>Il miele multiflora GoodHoney del nostro apiario ha una consistenza cremosa e spalmabile.<\/em><\/strong><\/p>\n<p>Il miele d&#039;api Polyflora \u00e8 un prodotto naturale 100% che apporta numerosi benefici al nostro organismo. \u00c8 il tipo di miele pi\u00f9 consigliato da nutrizionisti e apicoltori perch\u00e9 \u00e8 il pi\u00f9 complesso di tutti. \u00c8 composto da zuccheri semplici, fruttosio, glucosio, vitamine del gruppo B, vitamina C, enzimi e minerali.<br \/>\nIl miele in generale condivide propriet\u00e0 simili, ma ogni nettare nella sua composizione porta con s\u00e9 elementi con un&#039;azione terapeutica unica, la caratteristica della pianta predominante rende il miele millefiori un&#039;opzione deliziosa e talvolta pi\u00f9 salutare rispetto alle variet\u00e0 uniflorali. Ecco alcuni benefici e usi del miele millefiori:<\/p>\n<ul>\n<li>Potenti propriet\u00e0 di potenziamento immunitario.<\/li>\n<li>Buono per raffreddore, influenza e altre infezioni respiratorie.<\/li>\n<li>Aiuta il processo di digestione.<\/li>\n<li>\u00c8 un ottimo dolcificante naturale.<\/li>\n<li>Migliora le funzioni del cuore e del fegato.<\/li>\n<li>Aumenta il livello di emoglobina nel sangue (aiuta a trasportare l&#039;ossigeno agli organi e ai muscoli)<\/li>\n<li>Aiuta a guarire rapidamente le ferite.<\/li>\n<\/ul>\n<div style=\"margin: 20px 0;\"><div class=\"qrcswholewtapper\" style=\"text-align:left;\"><div class=\"qrcprowrapper\"  id=\"qrcwraa2leds\"><div class=\"qrc_canvass\" id=\"qrc_cuttenpages_2\" style=\"display:inline-block\" data-text=\"https:\/\/it.nectar-lux.com\/it\/magazin\/goodhoney-miere-de-albini-poliflora\/\"><\/div><div><a download=\"GoodHoney &#8211; Miere Poliflor\u0103.png\" class=\"qrcdownloads\" id=\"worign\">\r\n           <button type=\"button\" style=\"min-width:512px;background:#d19e12;color:#000;font-weight: 600;border: 1px solid transparent;border-radius:20px;font-size:12px;padding: 6px 0;\" class=\"uqr_code_btn\">Scarica QR \ud83e\udc0b<\/button>\r\n           <\/a><\/div><\/div><\/div><\/div>","protected":false},"excerpt":{"rendered":"<p><strong><em>Il miele multiflora GoodHoney del nostro apiario ha una consistenza cremosa e spalmabile.<\/em><\/strong><\/p>\n<p>Il miele d&#039;api Polyflora \u00e8 un prodotto naturale 100% che apporta numerosi benefici al nostro organismo. \u00c8 il tipo di miele pi\u00f9 consigliato da nutrizionisti e apicoltori perch\u00e9 \u00e8 il pi\u00f9 complesso di tutti. \u00c8 composto da zuccheri semplici, fruttosio, glucosio, vitamine del gruppo B, vitamina C, enzimi e minerali.<br \/>\nIl miele in generale condivide propriet\u00e0 simili, ma ogni nettare nella sua composizione porta con s\u00e9 elementi con un&#039;azione terapeutica unica, la caratteristica della pianta predominante rende il miele millefiori un&#039;opzione deliziosa e talvolta pi\u00f9 salutare rispetto alle variet\u00e0 uniflorali. Ecco alcuni benefici e usi del miele millefiori:<\/p>\n<p>Prova il miele d&#039;api multiflorale Nectar Lux. Diventa parte della nostra famiglia!<\/p>","protected":false},"featured_media":369,"comment_status":"open","ping_status":"closed","template":"","meta":[],"product_brand":[],"product_cat":[63,67],"product_tag":[117,37,90,29],"class_list":{"0":"post-368","1":"product","2":"type-product","3":"status-publish","4":"has-post-thumbnail","6":"product_cat-miere-crema-cu-fructe","7":"product_cat-miere-de-albini","8":"product_tag-made-in-moldova","9":"product_tag-miere-cruda","10":"product_tag-miere-cu-gust-fin","11":"product_tag-miere-naturala","14":"first","15":"instock","16":"featured","17":"taxable","18":"shipping-taxable","19":"purchasable","20":"product-type-simple"},"_links":{"self":[{"href":"https:\/\/it.nectar-lux.com\/it\/wp-json\/wp\/v2\/product\/368","targetHints":{"allow":["GET"]}}],"collection":[{"href":"https:\/\/it.nectar-lux.com\/it\/wp-json\/wp\/v2\/product"}],"about":[{"href":"https:\/\/it.nectar-lux.com\/it\/wp-json\/wp\/v2\/types\/product"}],"replies":[{"embeddable":true,"href":"https:\/\/it.nectar-lux.com\/it\/wp-json\/wp\/v2\/comments?post=368"}],"wp:featuredmedia":[{"embeddable":true,"href":"https:\/\/it.nectar-lux.com\/it\/wp-json\/wp\/v2\/media\/369"}],"wp:attachment":[{"href":"https:\/\/it.nectar-lux.com\/it\/wp-json\/wp\/v2\/media?parent=368"}],"wp:term":[{"taxonomy":"product_brand","embeddable":true,"href":"https:\/\/it.nectar-lux.com\/it\/wp-json\/wp\/v2\/product_brand?post=368"},{"taxonomy":"product_cat","embeddable":true,"href":"https:\/\/it.nectar-lux.com\/it\/wp-json\/wp\/v2\/product_cat?post=368"},{"taxonomy":"product_tag","embeddable":true,"href":"https:\/\/it.nectar-lux.com\/it\/wp-json\/wp\/v2\/product_tag?post=368"}],"curies":[{"name":"wp","href":"https:\/\/api.w.org\/{rel}","templated":true}]}}