{"id":264,"date":"2021-07-15T20:45:34","date_gmt":"2021-07-15T18:45:34","guid":{"rendered":"https:\/\/it.nectarlux.md\/?post_type=product&#038;p=264"},"modified":"2024-07-08T08:39:28","modified_gmt":"2024-07-08T06:39:28","slug":"fruity-honey-miere-de-albini-afine-coacaza-neagra-liofilizate","status":"publish","type":"product","link":"https:\/\/it.nectar-lux.com\/it\/magazin\/fruity-honey-miere-de-albini-afine-coacaza-neagra-liofilizate\/","title":{"rendered":"Miele Fruttato \u2013 Miele+Ribes Nero e Mirtilli liofilizzati"},"content":{"rendered":"<p>Il miele \u00e8 un conservante ideale per i frutti di bosco. Inoltre, il miele esalta il valore terapeutico dei mirtilli e del ribes tanto che, combinandoli, otteniamo un vero e proprio rimedio per rafforzare, mantenere o ritrovare la salute.<br \/>\nPerch\u00e9 il miele dovrebbe essere consumato in combinazione con l\u2019aceto di mele? Sono un&#039;ottima fonte di vitamina C, che mantengono in uno stato stabile. Grazie agli antociani, queste more contengono circa 160 \u2013 400 mg per 100 g di vitamina C. Ma non solo la vitamina C \u00e8 il motivo per cui dovresti consumarle, ma anche perch\u00e9 contengono provitamina A, vitamine del complesso B, vitamina P, vitamina PP, antociani, tannini, sali minerali, cellulosa, acido malico, acido citrico e acido tartarico.<\/p>\n<p>I principali vantaggi del consumo di miele con ribes e mirtilli:<\/p>\n<ul>\n<li>\u00c8 una fonte rivitalizzante.<\/li>\n<li>Bandisci lo stress.<\/li>\n<li>Aumenta la capacit\u00e0 di memorizzare e apprendere.<\/li>\n<li>Migliora l&#039;acuit\u00e0 visiva. L&#039;alto contenuto di antociani nel ribes, sostanze fitochimiche che proteggono gli occhi dai processi di invecchiamento, aiutano a mantenere l&#039;elasticit\u00e0 dei tessuti a questo livello e migliorano la visione notturna.<\/li>\n<li>Ideale nell&#039;atonia gastrica.<\/li>\n<li>Questi frutti sono ugualmente utili nella diarrea e nella dissenteria.<\/li>\n<li>Grazie alle sue virt\u00f9 antinfiammatorie, riduce la sensibilit\u00e0 alle infezioni respiratorie e intestinali.<\/li>\n<li>Rimuove il dolore alla gola.<\/li>\n<li>Produce diuresi con molta eliminazione di acido urico, il che le rende molto utili nella gotta, nella litiasi urica e nelle malattie reumatiche o anche cardiache e renali o in tutti i casi in cui si sono accumulate troppe tossine nell&#039;organismo.<\/li>\n<\/ul>\n<p>Prova il Miele Fruttato di Nectar Lux. Diventa parte della nostra famiglia!<\/p>\n<p><strong>Valore nutrizionale per 100 g:<\/strong><br \/>\nValore energetico 1381KJ \/ 330Kcal<\/p>\n<ul>\n<li>Grassi 0g<\/li>\n<li>Grassi saturi 0g<\/li>\n<li>Carboidrati 81 g<\/li>\n<li>Zuccheri 81 g<\/li>\n<li>Proteine \u200b\u200b0,4 g<\/li>\n<li>Lipidi 0g<\/li>\n<li>Fibra 0,2 g<\/li>\n<\/ul>\n<div style=\"margin: 20px 0;\"><div class=\"qrcswholewtapper\" style=\"text-align:left;\"><div class=\"qrcprowrapper\"  id=\"qrcwraa2leds\"><div class=\"qrc_canvass\" id=\"qrc_cuttenpages_2\" style=\"display:inline-block\" data-text=\"https:\/\/it.nectar-lux.com\/it\/magazin\/fruity-honey-miere-de-albini-afine-coacaza-neagra-liofilizate\/\"><\/div><div><a download=\"Fruity Honey &#8211; Miere+Coac\u0103ze Neagre &amp; Afine Liofilizate.png\" class=\"qrcdownloads\" id=\"worign\">\r\n           <button type=\"button\" style=\"min-width:512px;background:#d19e12;color:#000;font-weight: 600;border: 1px solid transparent;border-radius:20px;font-size:12px;padding: 6px 0;\" class=\"uqr_code_btn\">Scarica QR \ud83e\udc0b<\/button>\r\n           <\/a><\/div><\/div><\/div><\/div>","protected":false},"excerpt":{"rendered":"<div class=\"e54-29 x-row x-container max width\">\n<div class=\"x-row-inner\">\n<div class=\"e54-32 x-col\">\n<div class=\"e54-33 x-text x-text-headline\">\n<div class=\"x-text-content\">\n<div class=\"x-text-content-text\">\n<p>Una prelibatezza al miele non pastorizzato con mirtilli e ribes nero liofilizzato Gourmet per il suo gusto divertente e soprattutto unico. Perfetto per dare un sapore speciale al t\u00e8 nel pi\u00f9 puro stile baltico, oltre al fatto che pu\u00f2 essere abbinato alla carne sotto forma di salsa acida e dolce grazie alla frutta liofilizzata. Oltre al fatto che \u00e8 un sostituto dell&#039;acqua zuccherata, aggiungete qualche cucchiaio di questo miele a un po&#039; di acqua frizzante e la bevanda \u00e8 pronta.<\/p>\n<p><strong>ingredienti<\/strong>: 94% miele millefiori naturale di acacia e colza senza pastorizzazione. Ribes nero 4% e mirtilli liofilizzati 2%.<\/p>\n<\/div>\n<\/div>\n<\/div>\n<\/div>\n<\/div>\n<\/div>\n<div class=\"e54-34 x-row x-container max width\">\n<div class=\"x-row-inner\">\n<div class=\"e54-35 x-col\">\n<div id=\"x-acc-e54-36\" class=\"e54-36 x-acc\" role=\"tablist\">\n<div class=\"e54-37 x-acc-item\"><button id=\"tab-e54-37\" class=\"x-acc-header x-active\" role=\"tab\" type=\"button\" data-x-toggle=\"collapse\" data-x-toggleable=\"e54-37\"><span class=\"x-acc-header-content\"><span class=\"x-acc-header-indicator\">\u25b8<\/span><\/span><\/button><\/div>\n<\/div>\n<\/div>\n<\/div>\n<\/div>","protected":false},"featured_media":372,"comment_status":"open","ping_status":"closed","template":"","meta":[],"product_brand":[],"product_cat":[63],"product_tag":[93,101,99,117,98,100,29],"class_list":{"0":"post-264","1":"product","2":"type-product","3":"status-publish","4":"has-post-thumbnail","6":"product_cat-miere-crema-cu-fructe","7":"product_tag-100-natural","8":"product_tag-fara-coloranti","9":"product_tag-inlocuire-gem","10":"product_tag-made-in-moldova","11":"product_tag-miere-cu-afinecocaze","12":"product_tag-miere-kids","13":"product_tag-miere-naturala","16":"first","17":"instock","18":"featured","19":"taxable","20":"shipping-taxable","21":"purchasable","22":"product-type-simple"},"_links":{"self":[{"href":"https:\/\/it.nectar-lux.com\/it\/wp-json\/wp\/v2\/product\/264","targetHints":{"allow":["GET"]}}],"collection":[{"href":"https:\/\/it.nectar-lux.com\/it\/wp-json\/wp\/v2\/product"}],"about":[{"href":"https:\/\/it.nectar-lux.com\/it\/wp-json\/wp\/v2\/types\/product"}],"replies":[{"embeddable":true,"href":"https:\/\/it.nectar-lux.com\/it\/wp-json\/wp\/v2\/comments?post=264"}],"wp:featuredmedia":[{"embeddable":true,"href":"https:\/\/it.nectar-lux.com\/it\/wp-json\/wp\/v2\/media\/372"}],"wp:attachment":[{"href":"https:\/\/it.nectar-lux.com\/it\/wp-json\/wp\/v2\/media?parent=264"}],"wp:term":[{"taxonomy":"product_brand","embeddable":true,"href":"https:\/\/it.nectar-lux.com\/it\/wp-json\/wp\/v2\/product_brand?post=264"},{"taxonomy":"product_cat","embeddable":true,"href":"https:\/\/it.nectar-lux.com\/it\/wp-json\/wp\/v2\/product_cat?post=264"},{"taxonomy":"product_tag","embeddable":true,"href":"https:\/\/it.nectar-lux.com\/it\/wp-json\/wp\/v2\/product_tag?post=264"}],"curies":[{"name":"wp","href":"https:\/\/api.w.org\/{rel}","templated":true}]}}