{"id":261,"date":"2021-07-15T20:40:12","date_gmt":"2021-07-15T18:40:12","guid":{"rendered":"https:\/\/it.nectarlux.md\/?post_type=product&#038;p=261"},"modified":"2024-07-08T09:02:58","modified_gmt":"2024-07-08T07:02:58","slug":"pet-kids-miere-de-albini-de-salcam","status":"publish","type":"product","link":"https:\/\/it.nectar-lux.com\/it\/magazin\/pet-kids-miere-de-albini-de-salcam\/","title":{"rendered":"PET KIDS \u2013 Miele di Acacia"},"content":{"rendered":"<p>Un prodotto innovativo, super comodo da usare da parte dei bambini, il miele di acacia Nectar Lux for KIDS, \u00e8 un prodotto destinato ai bambini e a tutta la famiglia. Il prodotto \u00e8 confezionato in plastica PET, per uso alimentare 100%.<br \/>\nIl miele di acacia \u00e8 super equilibrato e pieno di energia naturale. Deve essere inserito nell&#039;alimentazione dei bambini, soprattutto nel periodo dello sviluppo e della crescita. Con una tonalit\u00e0 dorata pallida e un dolce aroma floreale, questo miele presenta un profilo luminoso di incredibile chiarezza. A causa del suo alto contenuto di fruttosio, il miele di acacia cristallizza molto pi\u00f9 lentamente rispetto ad altri tipi di miele.<br \/>\nProva il miele di acacia per bambini di Nectar Lux. Diventa parte della nostra famiglia!<\/p>\n<p><strong>Valore nutrizionale per 100 g:<\/strong><\/p>\n<ul>\n<li>Valore energetico 1381KJ \/ 330Kcal<\/li>\n<li>Grassi 0g<\/li>\n<li>Grassi saturi 0g<\/li>\n<li>Carboidrati 81 g<\/li>\n<li>Zuccheri 81 g<\/li>\n<li>Proteine \u200b\u200b0,4 g<\/li>\n<li>Lipidi 0g<\/li>\n<li>Fibra 0,2 g<\/li>\n<li>Sodio 0 g<\/li>\n<\/ul>\n<div style=\"margin: 20px 0;\"><div class=\"qrcswholewtapper\" style=\"text-align:left;\"><div class=\"qrcprowrapper\"  id=\"qrcwraa2leds\"><div class=\"qrc_canvass\" id=\"qrc_cuttenpages_2\" style=\"display:inline-block\" data-text=\"https:\/\/it.nectar-lux.com\/it\/magazin\/pet-kids-miere-de-albini-de-salcam\/\"><\/div><div><a download=\"PET KIDS &#8211; Miere de Salc\u00e2m.png\" class=\"qrcdownloads\" id=\"worign\">\r\n           <button type=\"button\" style=\"min-width:512px;background:#d19e12;color:#000;font-weight: 600;border: 1px solid transparent;border-radius:20px;font-size:12px;padding: 6px 0;\" class=\"uqr_code_btn\">Scarica QR \ud83e\udc0b<\/button>\r\n           <\/a><\/div><\/div><\/div><\/div>","protected":false},"excerpt":{"rendered":"<div class=\"e88-59 x-row x-container max width\">\n<div class=\"x-row-inner\">\n<div class=\"e88-62 x-col\">\n<div class=\"e88-63 x-text x-text-headline\">\n<div class=\"x-text-content\">\n<div class=\"x-text-content-text\">\n<p class=\"p1\">La comodit\u00e0 nell&#039;utilizzo del miele in questo tipo di confezione da parte dei bambini creer\u00e0 un&#039;armonia della natura nella vostra casa e render\u00e0 questo prodotto naturale amato anche dai nani pi\u00f9 esigenti. Perfetto da spolverare su una deliziosa pizza e ottenere un sapore unico di barbecue e anche da abbinare al pepe per ottenere patate con salsa piccante al miele. E, naturalmente, inizia la giornata in allegria con una colazione dolce e senza zuccheri aggiunti.<strong>Stiamo allevando insieme una generazione sana<\/strong>.<\/p>\n<p><strong>ingredienti<\/strong>: Miele di acacia naturale 100% senza pastorizzazione.<\/p>\n<\/div>\n<\/div>\n<\/div>\n<\/div>\n<\/div>\n<\/div>","protected":false},"featured_media":367,"comment_status":"open","ping_status":"closed","template":"","meta":[],"product_brand":[],"product_cat":[63,67],"product_tag":[93,117,100,105,106],"class_list":{"0":"post-261","1":"product","2":"type-product","3":"status-publish","4":"has-post-thumbnail","6":"product_cat-miere-crema-cu-fructe","7":"product_cat-miere-de-albini","8":"product_tag-100-natural","9":"product_tag-made-in-moldova","10":"product_tag-miere-kids","11":"product_tag-miere-salcim","12":"product_tag-usor-utilizat-de-copii","15":"first","16":"instock","17":"featured","18":"taxable","19":"shipping-taxable","20":"purchasable","21":"product-type-simple"},"_links":{"self":[{"href":"https:\/\/it.nectar-lux.com\/it\/wp-json\/wp\/v2\/product\/261","targetHints":{"allow":["GET"]}}],"collection":[{"href":"https:\/\/it.nectar-lux.com\/it\/wp-json\/wp\/v2\/product"}],"about":[{"href":"https:\/\/it.nectar-lux.com\/it\/wp-json\/wp\/v2\/types\/product"}],"replies":[{"embeddable":true,"href":"https:\/\/it.nectar-lux.com\/it\/wp-json\/wp\/v2\/comments?post=261"}],"wp:featuredmedia":[{"embeddable":true,"href":"https:\/\/it.nectar-lux.com\/it\/wp-json\/wp\/v2\/media\/367"}],"wp:attachment":[{"href":"https:\/\/it.nectar-lux.com\/it\/wp-json\/wp\/v2\/media?parent=261"}],"wp:term":[{"taxonomy":"product_brand","embeddable":true,"href":"https:\/\/it.nectar-lux.com\/it\/wp-json\/wp\/v2\/product_brand?post=261"},{"taxonomy":"product_cat","embeddable":true,"href":"https:\/\/it.nectar-lux.com\/it\/wp-json\/wp\/v2\/product_cat?post=261"},{"taxonomy":"product_tag","embeddable":true,"href":"https:\/\/it.nectar-lux.com\/it\/wp-json\/wp\/v2\/product_tag?post=261"}],"curies":[{"name":"wp","href":"https:\/\/api.w.org\/{rel}","templated":true}]}}