{"id":256,"date":"2021-07-15T20:34:20","date_gmt":"2021-07-15T18:34:20","guid":{"rendered":"https:\/\/it.nectarlux.md\/?post_type=product&#038;p=256"},"modified":"2024-07-08T09:03:47","modified_gmt":"2024-07-08T07:03:47","slug":"silver-miere-multiflora","status":"publish","type":"product","link":"https:\/\/it.nectar-lux.com\/it\/magazin\/silver-miere-multiflora\/","title":{"rendered":"ARGENTO \u2013 Miele Multiflora"},"content":{"rendered":"<p>Il miele poliflora \u00e8 come un cucchiaino di salute, che si consiglia di consumare quotidianamente. Ottenuto dal nettare di diversi fiori, il miele millefiori varia nel sapore e nel colore a seconda del tipo di fiore predominante. Ricco di vitamine B, C, K, Ferro, Calcio e Potassio, stimola l&#039;appetito, facilita il processo digestivo, migliora l&#039;attivit\u00e0 del cuore e del fegato, aumenta la percentuale di emoglobina nel sangue ed \u00e8 un ottimo rimedio per il benessere fisico e stanchezza mentale. Inoltre, il consumo di miele millefiori pu\u00f2 prevenire problemi di crescita ossea e demineralizzazione.<\/p>\n<p><strong>Valore nutrizionale per 100 g:<\/strong><\/p>\n<ul>\n<li>Valore energetico 1381KJ \/ 330Kcal<\/li>\n<li>Grassi 0g<\/li>\n<li>Grassi saturi 0g<\/li>\n<li>Carboidrati 81 g<\/li>\n<li>Zuccheri 81 g<\/li>\n<li>Proteine \u200b\u200b0,4 g<\/li>\n<li>Lipidi 0g<\/li>\n<li>Fibra 0,2 g<\/li>\n<\/ul>\n<div style=\"margin: 20px 0;\"><div class=\"qrcswholewtapper\" style=\"text-align:left;\"><div class=\"qrcprowrapper\"  id=\"qrcwraa2leds\"><div class=\"qrc_canvass\" id=\"qrc_cuttenpages_2\" style=\"display:inline-block\" data-text=\"https:\/\/it.nectar-lux.com\/it\/magazin\/silver-miere-multiflora\/\"><\/div><div><a download=\"SILVER &#8211; Miere Multiflor\u0103.png\" class=\"qrcdownloads\" id=\"worign\">\r\n           <button type=\"button\" style=\"min-width:512px;background:#d19e12;color:#000;font-weight: 600;border: 1px solid transparent;border-radius:20px;font-size:12px;padding: 6px 0;\" class=\"uqr_code_btn\">Scarica QR \ud83e\udc0b<\/button>\r\n           <\/a><\/div><\/div><\/div><\/div>","protected":false},"excerpt":{"rendered":"<div class=\"e88-49 x-row x-container max width\">\n<div class=\"x-row-inner\">\n<div class=\"e88-52 x-col\">\n<div class=\"e88-53 x-text x-text-headline\">\n<div class=\"x-text-content\">\n<div class=\"x-text-content-text\">\n<p class=\"p1\">Gustare il gusto di questo delizioso Miele Gourmet Poliflora sar\u00e0 come raccogliere fiori accanto all&#039;allevamento di api della famiglia Dragomir. Mentre cerchi quelli pi\u00f9 colorati, incontrerai le api che si dirigono verso i loro alveari e potrebbero incontrarti come un saluto amichevole. Una delizia del gusto che vi far\u00e0 credere di mangiare una manciata di fiori colorati. Perfetto per preparare salse fredde e naturalmente dolci. Il colore varia a seconda del fiore dominante.<\/p>\n<p>Ingredienti: miele naturale Polyflora 100% senza pastorizzazione<\/p>\n<\/div>\n<\/div>\n<\/div>\n<\/div>\n<\/div>\n<\/div>\n<div class=\"e88-54 x-row x-container max width\">\n<div class=\"x-row-inner\">\n<div class=\"e88-55 x-col\">\n<div id=\"x-acc-e88-56\" class=\"e88-56 x-acc\" role=\"tablist\">\n<div class=\"e88-57 x-acc-item\"><\/div>\n<\/div>\n<\/div>\n<\/div>\n<\/div>","protected":false},"featured_media":365,"comment_status":"open","ping_status":"closed","template":"","meta":[],"product_brand":[],"product_cat":[61],"product_tag":[93,109,117,107,30,108,31],"class_list":{"0":"post-256","1":"product","2":"type-product","3":"status-publish","4":"has-post-thumbnail","6":"product_cat-miere-premium","7":"product_tag-100-natural","8":"product_tag-calitate-superioara","9":"product_tag-made-in-moldova","10":"product_tag-miere-crema","11":"product_tag-miere-poliflora","12":"product_tag-miere-selecta","13":"product_tag-premium","16":"first","17":"instock","18":"featured","19":"taxable","20":"shipping-taxable","21":"purchasable","22":"product-type-simple"},"_links":{"self":[{"href":"https:\/\/it.nectar-lux.com\/it\/wp-json\/wp\/v2\/product\/256","targetHints":{"allow":["GET"]}}],"collection":[{"href":"https:\/\/it.nectar-lux.com\/it\/wp-json\/wp\/v2\/product"}],"about":[{"href":"https:\/\/it.nectar-lux.com\/it\/wp-json\/wp\/v2\/types\/product"}],"replies":[{"embeddable":true,"href":"https:\/\/it.nectar-lux.com\/it\/wp-json\/wp\/v2\/comments?post=256"}],"wp:featuredmedia":[{"embeddable":true,"href":"https:\/\/it.nectar-lux.com\/it\/wp-json\/wp\/v2\/media\/365"}],"wp:attachment":[{"href":"https:\/\/it.nectar-lux.com\/it\/wp-json\/wp\/v2\/media?parent=256"}],"wp:term":[{"taxonomy":"product_brand","embeddable":true,"href":"https:\/\/it.nectar-lux.com\/it\/wp-json\/wp\/v2\/product_brand?post=256"},{"taxonomy":"product_cat","embeddable":true,"href":"https:\/\/it.nectar-lux.com\/it\/wp-json\/wp\/v2\/product_cat?post=256"},{"taxonomy":"product_tag","embeddable":true,"href":"https:\/\/it.nectar-lux.com\/it\/wp-json\/wp\/v2\/product_tag?post=256"}],"curies":[{"name":"wp","href":"https:\/\/api.w.org\/{rel}","templated":true}]}}