{"id":251,"date":"2021-07-15T20:17:30","date_gmt":"2021-07-15T18:17:30","guid":{"rendered":"https:\/\/it.nectarlux.md\/?post_type=product&#038;p=251"},"modified":"2024-07-08T08:38:37","modified_gmt":"2024-07-08T06:38:37","slug":"immunosport-miere-polen-crud","status":"publish","type":"product","link":"https:\/\/it.nectar-lux.com\/it\/magazin\/immunosport-miere-polen-crud\/","title":{"rendered":"ImmunoSport \u2013 Miele con polline crudo"},"content":{"rendered":"<p>Il polline \u00e8 una polvere raccolta dagli stami dei fiori, che viene inumidita con la saliva delle api e un po&#039; di nettare. Pertanto, si forma un nodulo che si aggrappa alle loro gambe. Ricco di vitamine, minerali, oligoelementi e aminoacidi, il polline dovrebbe far parte della dieta quotidiana di ognuno di noi. Soprattutto se sei abituato a prendere multivitaminici, scopri che il polline d&#039;api \u00e8 una scelta molto migliore, perch\u00e9 contiene tantissime vitamine, 28 minerali, 11 enzimi e coenzimi, 14 acidi grassi e 10 aminoacidi. Consumato al mattino, il polline ringiovanisce la mente e aumenta la capacit\u00e0 di assimilare nuove informazioni. Il polline \u00e8 il multivitaminico biologico pi\u00f9 completo per la promozione della salute. Il miele con polline \u00e8 il pi\u00f9 potente energizzante naturale.<\/p>\n<p>Prova ImmunoSport di Nectar Lux. Diventa parte della nostra famiglia!<\/p>\n<p><strong>Valore nutrizionale per 100 g:<\/strong><br \/>\nValore energetico 1420KJ \/ 340Kcal<\/p>\n<ul>\n<li>Grassi 0g<\/li>\n<li>Grassi saturi 0g<\/li>\n<li>Carboidrati 81 g<\/li>\n<li>Di cui zuccheri 81g<\/li>\n<li>Proteine \u200b\u200b0,7 g<\/li>\n<li>Lipidi 0g<\/li>\n<li>Fibra 0,4 g<\/li>\n<li>Sodio 0 g<\/li>\n<\/ul>\n<div style=\"margin: 20px 0;\"><div class=\"qrcswholewtapper\" style=\"text-align:left;\"><div class=\"qrcprowrapper\"  id=\"qrcwraa2leds\"><div class=\"qrc_canvass\" id=\"qrc_cuttenpages_2\" style=\"display:inline-block\" data-text=\"https:\/\/it.nectar-lux.com\/it\/magazin\/immunosport-miere-polen-crud\/\"><\/div><div><a download=\"ImmunoSport &#8211; Miere cu Polen Crud.png\" class=\"qrcdownloads\" id=\"worign\">\r\n           <button type=\"button\" style=\"min-width:512px;background:#d19e12;color:#000;font-weight: 600;border: 1px solid transparent;border-radius:20px;font-size:12px;padding: 6px 0;\" class=\"uqr_code_btn\">Scarica QR \ud83e\udc0b<\/button>\r\n           <\/a><\/div><\/div><\/div><\/div>","protected":false},"excerpt":{"rendered":"<p>Grazie alla conservazione naturale causata dal miele, potrai gustare per la prima volta il polline crudo, il famoso caviale di fiori con una deliziosa combinazione, una tecnica unica in cui il polline e il miele non perdono i loro nutrienti, fermandosi nel tempo per aspetta che abbia un sapore<\/p>\n<p>Ingredienti:<br \/>\nMiele non pastorizzato 85%<br \/>\nPolline grezzo 15%<\/p>","protected":false},"featured_media":376,"comment_status":"open","ping_status":"closed","template":"","meta":[],"product_brand":[],"product_cat":[63,62],"product_tag":[93,104,39,113,115,117,29,114],"class_list":{"0":"post-251","1":"product","2":"type-product","3":"status-publish","4":"has-post-thumbnail","6":"product_cat-miere-crema-cu-fructe","7":"product_cat-polen-crud-si-pastura","8":"product_tag-100-natural","9":"product_tag-fara-conservanti-si-coloranti","10":"product_tag-immunosport","11":"product_tag-imunitate","12":"product_tag-intarirea-imunitatii","13":"product_tag-made-in-moldova","14":"product_tag-miere-naturala","15":"product_tag-polen-crud","18":"first","19":"instock","20":"featured","21":"taxable","22":"shipping-taxable","23":"purchasable","24":"product-type-simple"},"_links":{"self":[{"href":"https:\/\/it.nectar-lux.com\/it\/wp-json\/wp\/v2\/product\/251","targetHints":{"allow":["GET"]}}],"collection":[{"href":"https:\/\/it.nectar-lux.com\/it\/wp-json\/wp\/v2\/product"}],"about":[{"href":"https:\/\/it.nectar-lux.com\/it\/wp-json\/wp\/v2\/types\/product"}],"replies":[{"embeddable":true,"href":"https:\/\/it.nectar-lux.com\/it\/wp-json\/wp\/v2\/comments?post=251"}],"wp:featuredmedia":[{"embeddable":true,"href":"https:\/\/it.nectar-lux.com\/it\/wp-json\/wp\/v2\/media\/376"}],"wp:attachment":[{"href":"https:\/\/it.nectar-lux.com\/it\/wp-json\/wp\/v2\/media?parent=251"}],"wp:term":[{"taxonomy":"product_brand","embeddable":true,"href":"https:\/\/it.nectar-lux.com\/it\/wp-json\/wp\/v2\/product_brand?post=251"},{"taxonomy":"product_cat","embeddable":true,"href":"https:\/\/it.nectar-lux.com\/it\/wp-json\/wp\/v2\/product_cat?post=251"},{"taxonomy":"product_tag","embeddable":true,"href":"https:\/\/it.nectar-lux.com\/it\/wp-json\/wp\/v2\/product_tag?post=251"}],"curies":[{"name":"wp","href":"https:\/\/api.w.org\/{rel}","templated":true}]}}