{"id":1095,"date":"2025-02-17T14:27:53","date_gmt":"2025-02-17T12:27:53","guid":{"rendered":"https:\/\/it.nectar-lux.com\/?post_type=product&#038;p=1095"},"modified":"2025-02-17T14:27:56","modified_gmt":"2025-02-17T12:27:56","slug":"miere-de-salcam-in-fagure","status":"publish","type":"product","link":"https:\/\/it.nectar-lux.com\/it\/magazin\/miere-de-salcam-in-fagure\/","title":{"rendered":"Miele di acacia in favo"},"content":{"rendered":"<p>Il favo \u00e8 uno dei prodotti apicoli pi\u00f9 puri e complessi. Non essendo sottoposto ad alcun tipo di lavorazione, il favo mantiene intatte tutte le sue propriet\u00e0 benefiche (antimicotiche, antibatteriche, antiossidanti).<br \/>\nIl favo contiene una miscela di diversi prodotti delle api, come miele, polline, propoli e cera, quindi la sua composizione \u00e8 molto complessa. Il miele di acacia ricavato dal favo contiene propriet\u00e0 superiori, avendo un elevato apporto di vitamine e di altre sostanze attive che, attraverso la masticazione, vengono trasferite al nostro organismo.<\/p>\n<div style=\"margin: 20px 0;\"><div class=\"qrcswholewtapper\" style=\"text-align:left;\"><div class=\"qrcprowrapper\"  id=\"qrcwraa2leds\"><div class=\"qrc_canvass\" id=\"qrc_cuttenpages_2\" style=\"display:inline-block\" data-text=\"https:\/\/it.nectar-lux.com\/it\/magazin\/miere-de-salcam-in-fagure\/\"><\/div><div><a download=\"Miere de salc\u00e2m \u00een fagure.png\" class=\"qrcdownloads\" id=\"worign\">\r\n           <button type=\"button\" style=\"min-width:512px;background:#d19e12;color:#000;font-weight: 600;border: 1px solid transparent;border-radius:20px;font-size:12px;padding: 6px 0;\" class=\"uqr_code_btn\">Scarica QR \ud83e\udc0b<\/button>\r\n           <\/a><\/div><\/div><\/div><\/div>","protected":false},"excerpt":{"rendered":"<p>Il favo \u00e8 uno dei prodotti apicoli pi\u00f9 puri e complessi. Non essendo sottoposto ad alcun tipo di lavorazione, il favo mantiene intatte tutte le sue propriet\u00e0 benefiche (antimicotiche, antibatteriche, antiossidanti).<\/p>","protected":false},"featured_media":1099,"comment_status":"open","ping_status":"closed","template":"","meta":[],"product_brand":[],"product_cat":[63,67,61,62],"product_tag":[93,109,140,104,115,37,90,162,152,120,119],"class_list":{"0":"post-1095","1":"product","2":"type-product","3":"status-publish","4":"has-post-thumbnail","6":"product_cat-miere-crema-cu-fructe","7":"product_cat-miere-de-albini","8":"product_cat-miere-premium","9":"product_cat-polen-crud-si-pastura","10":"product_tag-100-natural","11":"product_tag-calitate-superioara","12":"product_tag-ce-sa-oferi-in-dar-la-cei-dragi","13":"product_tag-fara-conservanti-si-coloranti","14":"product_tag-intarirea-imunitatii","15":"product_tag-miere-cruda","16":"product_tag-miere-cu-gust-fin","17":"product_tag-miere-de-salcim-in-fagure","18":"product_tag-natural-beeswax","19":"product_tag-prododus-pentru-imunitate","20":"product_tag-supliment-alimentar","23":"first","24":"instock","25":"taxable","26":"shipping-taxable","27":"purchasable","28":"product-type-simple"},"_links":{"self":[{"href":"https:\/\/it.nectar-lux.com\/it\/wp-json\/wp\/v2\/product\/1095","targetHints":{"allow":["GET"]}}],"collection":[{"href":"https:\/\/it.nectar-lux.com\/it\/wp-json\/wp\/v2\/product"}],"about":[{"href":"https:\/\/it.nectar-lux.com\/it\/wp-json\/wp\/v2\/types\/product"}],"replies":[{"embeddable":true,"href":"https:\/\/it.nectar-lux.com\/it\/wp-json\/wp\/v2\/comments?post=1095"}],"wp:featuredmedia":[{"embeddable":true,"href":"https:\/\/it.nectar-lux.com\/it\/wp-json\/wp\/v2\/media\/1099"}],"wp:attachment":[{"href":"https:\/\/it.nectar-lux.com\/it\/wp-json\/wp\/v2\/media?parent=1095"}],"wp:term":[{"taxonomy":"product_brand","embeddable":true,"href":"https:\/\/it.nectar-lux.com\/it\/wp-json\/wp\/v2\/product_brand?post=1095"},{"taxonomy":"product_cat","embeddable":true,"href":"https:\/\/it.nectar-lux.com\/it\/wp-json\/wp\/v2\/product_cat?post=1095"},{"taxonomy":"product_tag","embeddable":true,"href":"https:\/\/it.nectar-lux.com\/it\/wp-json\/wp\/v2\/product_tag?post=1095"}],"curies":[{"name":"wp","href":"https:\/\/api.w.org\/{rel}","templated":true}]}}