{"id":1065,"date":"2024-06-01T13:10:13","date_gmt":"2024-06-01T11:10:13","guid":{"rendered":"https:\/\/it.nectar-lux.com\/?post_type=product&#038;p=1065"},"modified":"2024-06-01T13:31:04","modified_gmt":"2024-06-01T11:31:04","slug":"good-honey-miere-de-salvie","status":"publish","type":"product","link":"https:\/\/it.nectar-lux.com\/it\/magazin\/good-honey-miere-de-salvie\/","title":{"rendered":"Buon Miele \u2013 Miele di salvia"},"content":{"rendered":"<p class=\"testo-sp\">Un prodotto di nicchia, raro e ricercato, molto profumato.<br \/>\nIl miele di salvia ha un alto valore nutritivo ed \u00e8 benefico per il sistema respiratorio.<\/p>\n<p>Il miele di salvia \u00e8 una fonte di preziose sostanze nutritive, tra cui vitamine del gruppo B, vitamina C, minerali come calcio, potassio e magnesio, enzimi e antiossidanti. Il consumo regolare pu\u00f2 aiutare a rafforzare il sistema immunitario, mantenere ossa e muscoli sani e regolare la pressione sanguigna.<\/p>\n<p>Grazie alle sue propriet\u00e0 antinfiammatorie e antibatteriche, il miele di salvia pu\u00f2 aiutare a ridurre l\u2019infiammazione e proteggere il corpo dalle infezioni.<\/p>\n<p>Inoltre, pu\u00f2 supportare la salute del sistema respiratorio e digestivo. Il miele di salvia \u00e8 noto anche per la sua capacit\u00e0 di calmare la mente e migliorare l\u2019umore.<\/p>\n<p>Consumato regolarmente, pu\u00f2 aiutare a ridurre lo stress e l\u2019ansia, favorendo il rilassamento e l\u2019equilibrio mentale.<\/p>\n<p>Incorporando il miele di salvia nella tua routine quotidiana, apporterai benefici significativi alla tua salute e al tuo benessere.<\/p>\n<p>VALORI NUTRIZIONALI per 100 g<br \/>\n<strong>Energia:<\/strong>\u00a01317 Kj\/322,6 Kcal<br \/>\n<strong>Proteine:<\/strong>\u00a010,2 g<br \/>\n<strong>Carboidrati:<\/strong>\u00a080,4 g di cui zuccheri 80,1 g<br \/>\n<strong>Grassi:<\/strong>\u00a0\u00a00 g<br \/>\n<strong>Fibre:<\/strong>\u00a00,1 g<br \/>\n<strong>Sodio:<\/strong>\u00a00 g<\/p>\n<div style=\"margin: 20px 0;\"><div class=\"qrcswholewtapper\" style=\"text-align:left;\"><div class=\"qrcprowrapper\"  id=\"qrcwraa2leds\"><div class=\"qrc_canvass\" id=\"qrc_cuttenpages_2\" style=\"display:inline-block\" data-text=\"https:\/\/it.nectar-lux.com\/it\/magazin\/good-honey-miere-de-salvie\/\"><\/div><div><a download=\"Good Honey &#8211; Miere de Salvie.png\" class=\"qrcdownloads\" id=\"worign\">\r\n           <button type=\"button\" style=\"min-width:512px;background:#d19e12;color:#000;font-weight: 600;border: 1px solid transparent;border-radius:20px;font-size:12px;padding: 6px 0;\" class=\"uqr_code_btn\">Scarica QR \ud83e\udc0b<\/button>\r\n           <\/a><\/div><\/div><\/div><\/div>","protected":false},"excerpt":{"rendered":"<p>Un prodotto di nicchia, raro e ricercato, molto profumato.<br \/>\nIl miele di salvia ha un alto valore nutritivo ed \u00e8 benefico per il sistema respiratorio.<\/p>","protected":false},"featured_media":369,"comment_status":"open","ping_status":"closed","template":"","meta":[],"product_brand":[],"product_cat":[67,61],"product_tag":[93,134,135,109,168,120],"class_list":{"0":"post-1065","1":"product","2":"type-product","3":"status-publish","4":"has-post-thumbnail","6":"product_cat-miere-de-albini","7":"product_cat-miere-premium","8":"product_tag-100-natural","9":"product_tag-cadouri-speciale","10":"product_tag-cadouri-unice","11":"product_tag-calitate-superioara","12":"product_tag-miele-di-salvia","13":"product_tag-prododus-pentru-imunitate","16":"first","17":"outofstock","18":"taxable","19":"shipping-taxable","20":"purchasable","21":"product-type-simple"},"_links":{"self":[{"href":"https:\/\/it.nectar-lux.com\/it\/wp-json\/wp\/v2\/product\/1065","targetHints":{"allow":["GET"]}}],"collection":[{"href":"https:\/\/it.nectar-lux.com\/it\/wp-json\/wp\/v2\/product"}],"about":[{"href":"https:\/\/it.nectar-lux.com\/it\/wp-json\/wp\/v2\/types\/product"}],"replies":[{"embeddable":true,"href":"https:\/\/it.nectar-lux.com\/it\/wp-json\/wp\/v2\/comments?post=1065"}],"wp:featuredmedia":[{"embeddable":true,"href":"https:\/\/it.nectar-lux.com\/it\/wp-json\/wp\/v2\/media\/369"}],"wp:attachment":[{"href":"https:\/\/it.nectar-lux.com\/it\/wp-json\/wp\/v2\/media?parent=1065"}],"wp:term":[{"taxonomy":"product_brand","embeddable":true,"href":"https:\/\/it.nectar-lux.com\/it\/wp-json\/wp\/v2\/product_brand?post=1065"},{"taxonomy":"product_cat","embeddable":true,"href":"https:\/\/it.nectar-lux.com\/it\/wp-json\/wp\/v2\/product_cat?post=1065"},{"taxonomy":"product_tag","embeddable":true,"href":"https:\/\/it.nectar-lux.com\/it\/wp-json\/wp\/v2\/product_tag?post=1065"}],"curies":[{"name":"wp","href":"https:\/\/api.w.org\/{rel}","templated":true}]}}