{"id":1064,"date":"2024-06-01T11:24:35","date_gmt":"2024-06-01T09:24:35","guid":{"rendered":"https:\/\/it.nectar-lux.com\/?post_type=product&#038;p=1064"},"modified":"2024-06-01T11:35:38","modified_gmt":"2024-06-01T09:35:38","slug":"good-honey-miere-de-tei","status":"publish","type":"product","link":"https:\/\/it.nectar-lux.com\/it\/magazin\/good-honey-miere-de-tei\/","title":{"rendered":"Buon Miele \u2013 Miele di tiglio"},"content":{"rendered":"<p>Il miele di tiglio \u00e8 molto dolce e profumato, \u00e8 consigliato a tutti per le sue propriet\u00e0 antisettiche. Proprio come beviamo la tisana ai fiori di tiglio quando soffriamo di insonnia e vogliamo calmarci perch\u00e9 siamo agitati, il miele di tiglio pu\u00f2 aiutarci a risolvere problemi di salute del sistema nervoso, stati di ansia, anche stati di depressione. Il colore del miele di tiglio \u00e8 giallo dorato con leggere sfumature verdastre. In termini di consistenza, il miele di tiglio \u00e8 denso.<br \/>\nInoltre, questo tipo di miele agisce sul sistema respiratorio, sulla gola, sui polmoni, sui bronchi, ma anche sugli altri apparati.<br \/>\nProva il miele di tiglio di Nectar Lux. Diventa parte della nostra famiglia!<\/p>\n<p><b>Valore nutrizionale per 100 g:<\/b><\/p>\n<ul>\n<li><span style=\"font-weight: 400;\">Valore energetico 1381KJ \/ 330Kcal<\/span><\/li>\n<li><span style=\"font-weight: 400;\">Grassi 0 g<\/span><\/li>\n<li><span style=\"font-weight: 400;\">Grassi saturi 0 g<\/span><\/li>\n<li><span style=\"font-weight: 400;\">Carboidrati 81g<\/span><\/li>\n<li><span style=\"font-weight: 400;\">Zuccheri 81g<\/span><\/li>\n<li><span style=\"font-weight: 400;\">Proteine \u200b\u200b0,4 g<\/span><\/li>\n<li><span style=\"font-weight: 400;\">Lipidi 0g<\/span><\/li>\n<li><span style=\"font-weight: 400;\">Fibre 0,2 g<\/span><\/li>\n<li><span style=\"font-weight: 400;\">Sodio 0 g<\/span><\/li>\n<\/ul>\n<div style=\"margin: 20px 0;\"><div class=\"qrcswholewtapper\" style=\"text-align:left;\"><div class=\"qrcprowrapper\"  id=\"qrcwraa2leds\"><div class=\"qrc_canvass\" id=\"qrc_cuttenpages_2\" style=\"display:inline-block\" data-text=\"https:\/\/it.nectar-lux.com\/it\/magazin\/good-honey-miere-de-tei\/\"><\/div><div><a download=\"Good Honey &#8211; Miere de Tei.png\" class=\"qrcdownloads\" id=\"worign\">\r\n           <button type=\"button\" style=\"min-width:512px;background:#d19e12;color:#000;font-weight: 600;border: 1px solid transparent;border-radius:20px;font-size:12px;padding: 6px 0;\" class=\"uqr_code_btn\">Scarica QR \ud83e\udc0b<\/button>\r\n           <\/a><\/div><\/div><\/div><\/div>","protected":false},"excerpt":{"rendered":"<p><span style=\"font-weight: 400;\">Il gusto del miele di Tei vi far\u00e0 percorrere le strade della Moldova in piena estate, dove i fiori di tiglio iniziano a sbocciare, profumano i pomeriggi e vi fanno sognare le libellule in procinto di volare. Dall&#039;aroma fresco e dominante. Se chiudi gli occhi quando ne senti il profumo, penserai ai fiori arrostiti al sole, con un aroma metallico tipico dei piovosi pomeriggi estivi. Perfetto per formaggi di pecora o capra e come guarnizione naturale per il gelato.<\/span><\/p>\n<p class=\"p1\"><b>Ingredienti:<\/b><span style=\"font-weight: 400;\">100% Miele di tiglio naturale senza pastorizzazione<\/span><\/p>","protected":false},"featured_media":369,"comment_status":"open","ping_status":"closed","template":"","meta":[],"product_brand":[],"product_cat":[67],"product_tag":[93,109,140,113,115,167,108,120],"class_list":{"0":"post-1064","1":"product","2":"type-product","3":"status-publish","4":"has-post-thumbnail","6":"product_cat-miere-de-albini","7":"product_tag-100-natural","8":"product_tag-calitate-superioara","9":"product_tag-ce-sa-oferi-in-dar-la-cei-dragi","10":"product_tag-imunitate","11":"product_tag-intarirea-imunitatii","12":"product_tag-miele-di-tiglio","13":"product_tag-miere-selecta","14":"product_tag-prododus-pentru-imunitate","17":"first","18":"outofstock","19":"taxable","20":"shipping-taxable","21":"purchasable","22":"product-type-simple"},"_links":{"self":[{"href":"https:\/\/it.nectar-lux.com\/it\/wp-json\/wp\/v2\/product\/1064","targetHints":{"allow":["GET"]}}],"collection":[{"href":"https:\/\/it.nectar-lux.com\/it\/wp-json\/wp\/v2\/product"}],"about":[{"href":"https:\/\/it.nectar-lux.com\/it\/wp-json\/wp\/v2\/types\/product"}],"replies":[{"embeddable":true,"href":"https:\/\/it.nectar-lux.com\/it\/wp-json\/wp\/v2\/comments?post=1064"}],"wp:featuredmedia":[{"embeddable":true,"href":"https:\/\/it.nectar-lux.com\/it\/wp-json\/wp\/v2\/media\/369"}],"wp:attachment":[{"href":"https:\/\/it.nectar-lux.com\/it\/wp-json\/wp\/v2\/media?parent=1064"}],"wp:term":[{"taxonomy":"product_brand","embeddable":true,"href":"https:\/\/it.nectar-lux.com\/it\/wp-json\/wp\/v2\/product_brand?post=1064"},{"taxonomy":"product_cat","embeddable":true,"href":"https:\/\/it.nectar-lux.com\/it\/wp-json\/wp\/v2\/product_cat?post=1064"},{"taxonomy":"product_tag","embeddable":true,"href":"https:\/\/it.nectar-lux.com\/it\/wp-json\/wp\/v2\/product_tag?post=1064"}],"curies":[{"name":"wp","href":"https:\/\/api.w.org\/{rel}","templated":true}]}}