{"id":1063,"date":"2024-06-01T11:11:27","date_gmt":"2024-06-01T09:11:27","guid":{"rendered":"https:\/\/it.nectar-lux.com\/?post_type=product&#038;p=1063"},"modified":"2024-06-01T11:11:28","modified_gmt":"2024-06-01T09:11:28","slug":"good-honey-miere-de-salcim","status":"publish","type":"product","link":"https:\/\/it.nectar-lux.com\/it\/magazin\/good-honey-miere-de-salcim\/","title":{"rendered":"Buon Miele - Miele di acacia"},"content":{"rendered":"<p>Il miele di acacia \u00e8 uno dei pi\u00f9 ricercati ed apprezzati sul mercato. Avendo un colore dorato e un gusto inconfondibile, questo tipo di miele \u00e8 <strong>una ricca fonte di minerali e vitamine<\/strong>. Pu\u00f2 essere consumato con successo da persone affette da sclerosi o da persone che praticano sport e necessitano di energia in breve tempo. Rispetto ad altre tipologie, il miele di acacia <strong>ha meno polline.<\/strong><\/p>\n<p>Il miele di acacia ha un alto contenuto di fruttosio che mantiene il miele liquido pi\u00f9 a lungo rispetto ad altri tipi di miele. Grazie al sapore delicato e alla consistenza fine, lo \u00e8 <strong>adatto a tutti<\/strong>. Il miele di acacia \u00e8 molto dinamico ed equilibrato, oltre che un ottimo tonico per donne incinte, bambini e adolescenti.<br \/>\nProva il miele di acacia di Nectar Lux. Diventa parte della nostra famiglia!<\/p>\n<p><strong>Valore nutrizionale per 100 g:<\/strong><\/p>\n<ul>\n<li>Valore energetico 1381KJ \/ 330Kcal<\/li>\n<li>Grassi 0 g<\/li>\n<li>Grassi saturi 0g<\/li>\n<li>Carboidrati 81g<\/li>\n<li>Zuccheri 81g<\/li>\n<li>Proteine 0,4 g<\/li>\n<li>Lipidi 0g<\/li>\n<li>Fibre 0,2 g<\/li>\n<\/ul>\n<div style=\"margin: 20px 0;\"><div class=\"qrcswholewtapper\" style=\"text-align:left;\"><div class=\"qrcprowrapper\"  id=\"qrcwraa2leds\"><div class=\"qrc_canvass\" id=\"qrc_cuttenpages_2\" style=\"display:inline-block\" data-text=\"https:\/\/it.nectar-lux.com\/it\/magazin\/good-honey-miere-de-salcim\/\"><\/div><div><a download=\"Good Honey &#8211; Miere de salc\u00eem.png\" class=\"qrcdownloads\" id=\"worign\">\r\n           <button type=\"button\" style=\"min-width:512px;background:#d19e12;color:#000;font-weight: 600;border: 1px solid transparent;border-radius:20px;font-size:12px;padding: 6px 0;\" class=\"uqr_code_btn\">Scarica QR \ud83e\udc0b<\/button>\r\n           <\/a><\/div><\/div><\/div><\/div>","protected":false},"excerpt":{"rendered":"<p>Il sapore pi\u00f9 apprezzato nel mondo del miele. La profumata acacia con i suoi fiori bianchi e i suoi aromi romantici vi causeranno una deliziosa estasi dovuta al fatto che gli alberi dove si riuniscono le api sono lontani dalla vita quotidiana dell&#039;uomo, dove ci sono solo api e alberi. Perfetto per l&#039;abbinamento con formaggi stagionati, mescolato in deliziose insalate e zuppe.<\/p>\n<p><strong>Ingredienti:<\/strong><br \/>\nMiele di acacia 100% naturale senza pastorizzazione.<\/p>","protected":false},"featured_media":369,"comment_status":"open","ping_status":"closed","template":"","meta":[],"product_brand":[],"product_cat":[67],"product_tag":[93,109,104,166,90,118,29,108],"class_list":{"0":"post-1063","1":"product","2":"type-product","3":"status-publish","4":"has-post-thumbnail","6":"product_cat-miere-de-albini","7":"product_tag-100-natural","8":"product_tag-calitate-superioara","9":"product_tag-fara-conservanti-si-coloranti","10":"product_tag-miele-di-acacia","11":"product_tag-miere-cu-gust-fin","12":"product_tag-miere-de-salcim","13":"product_tag-miere-naturala","14":"product_tag-miere-selecta","17":"first","18":"outofstock","19":"taxable","20":"shipping-taxable","21":"purchasable","22":"product-type-simple"},"_links":{"self":[{"href":"https:\/\/it.nectar-lux.com\/it\/wp-json\/wp\/v2\/product\/1063","targetHints":{"allow":["GET"]}}],"collection":[{"href":"https:\/\/it.nectar-lux.com\/it\/wp-json\/wp\/v2\/product"}],"about":[{"href":"https:\/\/it.nectar-lux.com\/it\/wp-json\/wp\/v2\/types\/product"}],"replies":[{"embeddable":true,"href":"https:\/\/it.nectar-lux.com\/it\/wp-json\/wp\/v2\/comments?post=1063"}],"wp:featuredmedia":[{"embeddable":true,"href":"https:\/\/it.nectar-lux.com\/it\/wp-json\/wp\/v2\/media\/369"}],"wp:attachment":[{"href":"https:\/\/it.nectar-lux.com\/it\/wp-json\/wp\/v2\/media?parent=1063"}],"wp:term":[{"taxonomy":"product_brand","embeddable":true,"href":"https:\/\/it.nectar-lux.com\/it\/wp-json\/wp\/v2\/product_brand?post=1063"},{"taxonomy":"product_cat","embeddable":true,"href":"https:\/\/it.nectar-lux.com\/it\/wp-json\/wp\/v2\/product_cat?post=1063"},{"taxonomy":"product_tag","embeddable":true,"href":"https:\/\/it.nectar-lux.com\/it\/wp-json\/wp\/v2\/product_tag?post=1063"}],"curies":[{"name":"wp","href":"https:\/\/api.w.org\/{rel}","templated":true}]}}