{"id":891,"date":"2023-11-15T22:47:29","date_gmt":"2023-11-15T20:47:29","guid":{"rendered":"https:\/\/it.nectarlux.md\/?page_id=891"},"modified":"2023-11-16T00:11:26","modified_gmt":"2023-11-15T22:11:26","slug":"promotii","status":"publish","type":"page","link":"https:\/\/it.nectar-lux.com\/it\/promotii\/","title":{"rendered":"Promozioni"},"content":{"rendered":"<div id=\"cs-content\" class=\"cs-content\"><\/div>\n<div style=\"margin: 20px 0;\"><div class=\"qrcswholewtapper\" style=\"text-align:left;\"><div class=\"qrcprowrapper\"  id=\"qrcwraa2leds\"><div class=\"qrc_canvass\" id=\"qrc_cuttenpages_2\" style=\"display:inline-block\" data-text=\"https:\/\/it.nectar-lux.com\/it\/promotii\/\"><\/div><div><a download=\"Promo\u021bii.png\" class=\"qrcdownloads\" id=\"worign\">\r\n           <button type=\"button\" style=\"min-width:512px;background:#d19e12;color:#000;font-weight: 600;border: 1px solid transparent;border-radius:20px;font-size:12px;padding: 6px 0;\" class=\"uqr_code_btn\">Scarica QR \ud83e\udc0b<\/button>\r\n           <\/a><\/div><\/div><\/div><\/div>","protected":false},"excerpt":{"rendered":"<p>Nectar LUX Luminare ou din cear\u0103 natural\u0103 Luminare ou iepura\u0219 din cear\u0103 natural\u0103 Miere Poliflora 100% Natural\u0103 3,2kg Miere de Tei 100% Natural\u0103 3,2kg Miere de Salc\u00eem 100% Natural\u0103 3,2kg Tinctur\u0103 de propolis 50 ml &euro;90,00Adaug\u0103 \u00een co\u0219Tinctur\u0103 de propolis 100ml &euro;180,00Adaug\u0103 \u00een co\u0219Lum\u00eenare cear\u0103 natural\u0103 bradut Ceai din plante naturale &euro;0,00Adaug\u0103 \u00een co\u0219Lum\u00eenare p\u0103trat\u0103 din cear\u0103 natural\u0103 MOLDOVA Download &#8230; <\/p>\n<div><a href=\"https:\/\/it.nectar-lux.com\/it\/promotii\/\" class=\"more-link\">Per saperne di pi\u00f9<\/a><\/div>","protected":false},"author":1,"featured_media":537,"parent":0,"menu_order":0,"comment_status":"closed","ping_status":"closed","template":"template-blank-4.php","meta":{"footnotes":""},"class_list":["post-891","page","type-page","status-publish","has-post-thumbnail","hentry"],"_links":{"self":[{"href":"https:\/\/it.nectar-lux.com\/it\/wp-json\/wp\/v2\/pages\/891","targetHints":{"allow":["GET"]}}],"collection":[{"href":"https:\/\/it.nectar-lux.com\/it\/wp-json\/wp\/v2\/pages"}],"about":[{"href":"https:\/\/it.nectar-lux.com\/it\/wp-json\/wp\/v2\/types\/page"}],"author":[{"embeddable":true,"href":"https:\/\/it.nectar-lux.com\/it\/wp-json\/wp\/v2\/users\/1"}],"replies":[{"embeddable":true,"href":"https:\/\/it.nectar-lux.com\/it\/wp-json\/wp\/v2\/comments?post=891"}],"version-history":[{"count":3,"href":"https:\/\/it.nectar-lux.com\/it\/wp-json\/wp\/v2\/pages\/891\/revisions"}],"predecessor-version":[{"id":897,"href":"https:\/\/it.nectar-lux.com\/it\/wp-json\/wp\/v2\/pages\/891\/revisions\/897"}],"wp:featuredmedia":[{"embeddable":true,"href":"https:\/\/it.nectar-lux.com\/it\/wp-json\/wp\/v2\/media\/537"}],"wp:attachment":[{"href":"https:\/\/it.nectar-lux.com\/it\/wp-json\/wp\/v2\/media?parent=891"}],"curies":[{"name":"wp","href":"https:\/\/api.w.org\/{rel}","templated":true}]}}