{"id":335,"date":"2021-09-29T18:55:11","date_gmt":"2021-09-29T18:55:11","guid":{"rendered":"https:\/\/it.nectarlux.md\/?page_id=335"},"modified":"2023-11-01T23:40:35","modified_gmt":"2023-11-01T21:40:35","slug":"conditii-de-livrare","status":"publish","type":"page","link":"https:\/\/it.nectar-lux.com\/it\/conditii-de-livrare\/","title":{"rendered":"Termini e condizioni di consegna"},"content":{"rendered":"<p><strong>Consegna a Chisinau:<\/strong><\/p>\n\n\n\n<p>Ordini superiori a 500 lei - consegna gratuita a Chisinau.<\/p>\n\n\n\n<p>Ordini inferiori a 500 lei - 60 lei nella zona di Chisinau.<\/p>\n\n\n\n<p>Il tempo di consegna a Chisinau \u00e8 di 1-3 giorni lavorativi.<\/p>\n\n\n\n<p>Al momento della conferma telefonica dell&#039;ordine, l&#039;operatore ti comunicher\u00e0 l&#039;orario esatto di consegna.<\/p>\n\n\n\n<p><strong>Consegna nazionale.<\/strong><\/p>\n\n\n\n<p>Il costo della consegna attraverso la Moldavia \u00e8 di 80 lei (per pacchi fino a 10 kg).<\/p>\n\n\n\n<pre class=\"wp-block-preformatted\">Tempi di consegna nazionale \u2013 3\/5 giorni lavorativi. <\/pre>\n\n\n\n<p>(Per ordini di peso superiore a 10 kg contattare telefonicamente il nostro servizio commerciale: <a href=\"tel:+37378684396\">+37378684396<\/a>)<\/p>\n\n\n\n<p><strong>2. Modalit\u00e0 di pagamento<\/strong><br>\u2013 Pagamento al corriere in contanti al ricevimento dell\u2019ordine.<br>\u2013 Visa o MasterCard direttamente dal sito.&nbsp;<br>Per richiedere pagamenti senza contanti per le persone giuridiche, contattare telefonicamente il nostro ufficio commerciale:&nbsp;<a href=\"tel:+37378684396\">+37378684396<\/a><\/p>\n<div style=\"margin: 20px 0;\"><div class=\"qrcswholewtapper\" style=\"text-align:left;\"><div class=\"qrcprowrapper\"  id=\"qrcwraa2leds\"><div class=\"qrc_canvass\" id=\"qrc_cuttenpages_2\" style=\"display:inline-block\" data-text=\"https:\/\/it.nectar-lux.com\/it\/conditii-de-livrare\/\"><\/div><div><a download=\"Termeni \u0219i condi\u021bii de livrare.png\" class=\"qrcdownloads\" id=\"worign\">\r\n           <button type=\"button\" style=\"min-width:512px;background:#d19e12;color:#000;font-weight: 600;border: 1px solid transparent;border-radius:20px;font-size:12px;padding: 6px 0;\" class=\"uqr_code_btn\">Scarica QR \ud83e\udc0b<\/button>\r\n           <\/a><\/div><\/div><\/div><\/div>","protected":false},"excerpt":{"rendered":"<p>Livrare \u00een raza ora\u0219ului Chi\u0219in\u0103u: \u0421omenzile peste 500 lei &#8211; livrare gratuit\u0103 \u00een raza ora\u0219ului Chi\u0219in\u0103u. Comenzile sub 500 lei \u2013 60 lei \u00een raza ora\u0219ului Chi\u0219in\u0103u. Termenul de livrare \u00een raza ora\u0219ului Chi\u0219in\u0103u este de 1-3 zile lucr\u0103toare. La confirmarea comenzii prin telefon, operatorul V\u0103 va anun\u021ba exact momentul de livrare. Livrare na\u021bional\u0103. Costul livr\u0103rii prin Moldova este de &#8230; <\/p>\n<div><a href=\"https:\/\/it.nectar-lux.com\/it\/conditii-de-livrare\/\" class=\"more-link\">Per saperne di pi\u00f9<\/a><\/div>","protected":false},"author":1,"featured_media":17,"parent":0,"menu_order":0,"comment_status":"closed","ping_status":"closed","template":"template-blank-1.php","meta":{"footnotes":""},"class_list":["post-335","page","type-page","status-publish","has-post-thumbnail","hentry"],"_links":{"self":[{"href":"https:\/\/it.nectar-lux.com\/it\/wp-json\/wp\/v2\/pages\/335","targetHints":{"allow":["GET"]}}],"collection":[{"href":"https:\/\/it.nectar-lux.com\/it\/wp-json\/wp\/v2\/pages"}],"about":[{"href":"https:\/\/it.nectar-lux.com\/it\/wp-json\/wp\/v2\/types\/page"}],"author":[{"embeddable":true,"href":"https:\/\/it.nectar-lux.com\/it\/wp-json\/wp\/v2\/users\/1"}],"replies":[{"embeddable":true,"href":"https:\/\/it.nectar-lux.com\/it\/wp-json\/wp\/v2\/comments?post=335"}],"version-history":[{"count":4,"href":"https:\/\/it.nectar-lux.com\/it\/wp-json\/wp\/v2\/pages\/335\/revisions"}],"predecessor-version":[{"id":874,"href":"https:\/\/it.nectar-lux.com\/it\/wp-json\/wp\/v2\/pages\/335\/revisions\/874"}],"wp:featuredmedia":[{"embeddable":true,"href":"https:\/\/it.nectar-lux.com\/it\/wp-json\/wp\/v2\/media\/17"}],"wp:attachment":[{"href":"https:\/\/it.nectar-lux.com\/it\/wp-json\/wp\/v2\/media?parent=335"}],"curies":[{"name":"wp","href":"https:\/\/api.w.org\/{rel}","templated":true}]}}