{"id":3,"date":"2021-05-31T20:41:39","date_gmt":"2021-05-31T17:41:39","guid":{"rendered":"https:\/\/nectarlux.gransistema.com\/?page_id=3"},"modified":"2021-12-11T02:11:04","modified_gmt":"2021-12-11T00:11:04","slug":"politica-de-confidentialitate","status":"publish","type":"page","link":"https:\/\/it.nectar-lux.com\/it\/politica-de-confidentialitate\/","title":{"rendered":"Politica sulla riservatezza"},"content":{"rendered":"<div class=\"wp-block-media-text alignwide is-stacked-on-mobile\" style=\"grid-template-columns:27% auto\"><figure class=\"wp-block-media-text__media\"><img data-recalc-dims=\"1\" loading=\"lazy\" decoding=\"async\" width=\"512\" height=\"512\" src=\"https:\/\/i0.wp.com\/it.nectarlux.md\/wp-content\/uploads\/sites\/16\/2021\/06\/Nectar-Lux-Logo-m.png?resize=512%2C512&#038;ssl=1\" alt=\"\" class=\"wp-image-19 size-full\" srcset=\"https:\/\/i0.wp.com\/it.nectar-lux.com\/wp-content\/uploads\/sites\/16\/2021\/06\/Nectar-Lux-Logo-m.png?w=512&amp;ssl=1 512w, https:\/\/i0.wp.com\/it.nectar-lux.com\/wp-content\/uploads\/sites\/16\/2021\/06\/Nectar-Lux-Logo-m.png?resize=300%2C300&amp;ssl=1 300w, https:\/\/i0.wp.com\/it.nectar-lux.com\/wp-content\/uploads\/sites\/16\/2021\/06\/Nectar-Lux-Logo-m.png?resize=100%2C100&amp;ssl=1 100w, https:\/\/i0.wp.com\/it.nectar-lux.com\/wp-content\/uploads\/sites\/16\/2021\/06\/Nectar-Lux-Logo-m.png?resize=150%2C150&amp;ssl=1 150w\" sizes=\"auto, (max-width: 512px) 100vw, 512px\" \/><\/figure><div class=\"wp-block-media-text__content\">\n<p><strong>INFORMAZIONI SULLA PROTEZIONE DEI DATI<br>reattivo<\/strong><\/p>\n\n\n\n<p>Il nostro indirizzo web \u00e8: <a href=\"https:\/\/it.nectarlux.md\">https:\/\/it.nectarlux.md<\/a> O  <a href=\"https:\/\/www.it.nectarlux.md \">https:\/\/www.it.nectarlux.md <\/a><\/p>\n\n\n\n<p><strong>NektarLux SRL<\/strong> (Nome commerciale: <strong>Nectar LUX<\/strong>)<br><strong>Codice fiscale: <\/strong>1017600036147<br><strong>Indirizzo fisico<\/strong>: Stefan Cel Mare 218, Ciutulesti 5016, Moldavia (<a rel=\"noreferrer noopener\" href=\"https:\/\/goo.gl\/maps\/w4iXXGG4sYZGUokj8\" target=\"_blank\">Google Maps<\/a>) e sede legale: Or. Chisinau str. Zelinski 42 di. 44.<br><strong>Telefono<\/strong> (inglese\/rumeno): <a href=\"tel:+37378684396\">+37378684396<\/a><br><strong>Contatto Social e supporto multilingue<\/strong>: <a href=\"https:\/\/wa.me\/37378684396\" target=\"_blank\" rel=\"noreferrer noopener\">Whatsapp<\/a> | <a rel=\"noreferrer noopener\" href=\"https:\/\/www.instagram.com\/it.nectarlux.md\/\" target=\"_blank\" data-type=\"URL\" data-id=\"https:\/\/www.instagram.com\/it.nectarlux.md\/\">Instagram<\/a> | <a rel=\"noreferrer noopener\" href=\"https:\/\/www.facebook.com\/nectar.lux\/\" target=\"_blank\" data-type=\"URL\" data-id=\"https:\/\/www.facebook.com\/nectar.lux\/\">Facebook<\/a><br><strong>Mail per il supporto multilingue<\/strong> e attenzione alle richieste di dati personali: <a href=\"mailto:office@it.nectarlux.md\">office@it.nectarlux.md<\/a><\/p>\n<\/div><\/div>\n\n\n\n<p><strong>SICUREZZA DEI DATI PERSONALI<\/strong><\/p>\n\n\n\n<p>Secondo l&#039;art. 5 comma (5) della Legge n. 133 del 08.07.2011 in materia di protezione dei dati personali:<\/p>\n\n\n\n<p>(1) Il trattamento dei dati personali viene effettuato con il consenso dell&#039;interessato.<\/p>\n\n\n\n<p>(2) Il consenso al trattamento dei dati personali pu\u00f2 essere revocato in qualsiasi momento dall&#039;interessato. La revoca del consenso non pu\u00f2 avere effetto retroattivo.<\/p>\n\n\n\n<p>(3) In caso di incapacit\u00e0 o limitata capacit\u00e0 di esercizio dell&#039;interessato, il consenso al trattamento dei dati personali deve essere prestato, in forma scritta, dal suo legale rappresentante.<\/p>\n\n\n\n<p>(4) In caso di decesso della persona interessata, il consenso al trattamento dei suoi dati sar\u00e0 concesso in forma scritta dai suoi successori, se tale consenso non \u00e8 stato dato dalla persona interessata durante la sua vita. tutta la vita.<\/p>\n\n\n\n<p>(5) Il consenso dell&#039;interessato ai dati personali non \u00e8 richiesto nei casi in cui il trattamento \u00e8 necessario per:<\/p>\n\n\n\n<p>a) esecuzione di un contratto di cui l&#039;interessato dei dati personali \u00e8 parte o per l&#039;adozione di misure prima della conclusione del contratto, su sua richiesta;<br>b) adempimento di un obbligo che spetta all&#039;operatore secondo la legge;<br>c) tutelare la vita, l&#039;integrit\u00e0 fisica o la salute dell&#039;interessato;<br>d) l&#039;esecuzione di compiti di interesse pubblico o derivanti dall&#039;esercizio di prerogative di pubblici poteri di cui \u00e8 investito il titolare o il terzo cui i dati personali sono comunicati;<br>e) conseguimento di un interesse legittimo del gestore o di un terzo a cui vengono comunicati i dati personali, a condizione che tale interesse non pregiudichi gli interessi o i diritti e le libert\u00e0 fondamentali dell&#039;interessato;<br>f) finalit\u00e0 statistiche, storiche o di ricerca scientifica, a condizione che i dati personali rimangano anonimi durante tutto il trattamento. Modalit\u00e0 di revoca del consenso Se il fornitore di servizi fornir\u00e0 servizi aggiuntivi, che non sono soggetti al trattamento dei dati necessari per concludere il contratto fornito, verr\u00e0 richiesto il consenso del consumatore riguardo al trattamento dei dati personali per scopi quali il marketing diretto .<br>Se desideri beneficiare dei prodotti e dei servizi offerti attraverso il sito web, dovrai fornirci informazioni personali. I dati personali sono raccolti al fine di trattarli per finalit\u00e0 di comunicazione\/marketing\/pubblicit\u00e0. Tuttavia, l\u2019Utente del Sito non \u00e8 obbligato a fornire dati personali.<br>Le informazioni registrate sono destinate all&#039;uso da parte di NektarLux SRL e possono essere comunicate solo alle banche o ai corrieri che hanno collaborato, nella misura in cui tali informazioni siano loro necessarie nel rapporto con l&#039;Utente.<br>L&#039;utente beneficia del diritto di accesso, di intervento sui dati, del diritto di non essere soggetto a una decisione individuale e del diritto di adire un tribunale. Allo stesso tempo, l&#039;Utente ha il diritto di opporsi al trattamento dei dati personali che lo riguardano e di richiedere la cancellazione dei dati.<br>Per esercitare tali diritti, l&#039;Utente pu\u00f2 rivolgersi a NektarLux SRL. con richiesta scritta, datata e firmata al seguente indirizzo di posta elettronica: <a href=\"mailto:office@it.nectarlux.md\">office@it.nectarlux.md<\/a><\/p>\n\n\n\n<p><br>A seguito della richiesta di cancellazione dell&#039;Account creato all&#039;interno del sito, essendo l&#039;operazione irreversibile, l&#039;Utente non avr\u00e0 pi\u00f9 la possibilit\u00e0 di accedere online ad alcuni moduli presenti all&#039;interno del sito, nonch\u00e9 allo storico degli ordini.<\/p>\n\n\n\n<p><strong>INFORMATIVA SUL TRATTAMENTO DEI DATI PERSONALI<\/strong><br>NektarLux SRL, in qualit\u00e0 di autore, proprietario e amministratore del sito web www.it.nectarlux.md, rispetta la privacy e la sicurezza dei dati personali di ogni persona che accede al sito web. In conformit\u00e0 con quanto disposto dall&#039;art. 5 comma (5) della Legge n. 133 del 07.08.2011 sulla tutela delle persone fisiche rispetto al trattamento dei dati personali, NektarLux SRL ha l&#039;obbligo di amministrare in condizioni di sicurezza ed esclusivamente per le finalit\u00e0 di seguito presentate, i dati personali fornitici. La nostra azienda si impegna a mantenere la riservatezza dei dati personali forniti attraverso il sito web www.it.nectarlux.md, come previsto dalle disposizioni di legge e successive modifiche in materia di protezione dei dati personali.<br>Qualsiasi informazione da te fornita sar\u00e0 considerata e rappresenter\u00e0 il tuo esplicito consenso affinch\u00e9 i tuoi dati personali vengano utilizzati da NektarLux SRL in conformit\u00e0 con le finalit\u00e0 di seguito indicate.<\/p>\n\n\n\n<p>Se desideri che i tuoi dati personali vengano aggiornati o rimossi dal database, o hai domande relative alla riservatezza dei dati, puoi contattarci\/notificarci in qualsiasi momento utilizzando i dati di contatto disponibili sul sito web. Se non desideri che i tuoi dati vengano raccolti, ti preghiamo di non fornirceli.<\/p>\n\n\n\n<p>S<strong>SCOPO DELLA RACCOLTA DEI DATI<\/strong><\/p>\n\n\n\n<ul class=\"wp-block-list\"><li>la comprensione empirica del comportamento degli utenti del nostro sito web e dei nostri servizi<\/li><li>effettuare statistiche al fine di creare una comunicazione efficace tra noi e gli utenti<\/li><li>la trasmissione di offerte, messaggi pubblicitari e di marketing in<a href=\"https:\/\/www.facebook.com\/privacy\/explanation\" target=\"_blank\" rel=\"noreferrer noopener\"> Facebook e Instagram<\/a>;<br>NektarLux SRL non divulgher\u00e0 nessuno dei tuoi dati (informazioni personali o informazioni facoltative) a terzi senza il tuo consenso, a meno che non riteniamo, in buona fede, che la legge ci imponga di farlo, o che ci\u00f2 sia necessario per proteggere diritti o propriet\u00e0 della nostra azienda.<\/li><\/ul>\n\n\n\n<p>BISCOTTI<br>Quando visiti il nostro sito, potremmo memorizzare alcuni dati sul tuo computer sotto forma di &quot;cookie&quot; per riconoscere automaticamente il tuo computer alla prossima visita. Questi &quot;Cookie&quot; possono aiutarci in molti modi, ad esempio permettendo l&#039;identificazione di una pagina web visitata, per soddisfare meglio i tuoi interessi o per memorizzare i tuoi dati di accesso per risparmiare tempo con la nuova registrazione. Se non desideri ricevere cookie, configura il tuo browser Internet per eliminare tutti i cookie dall&#039;unit\u00e0 centrale del tuo computer, bloccarli o ricevere un avviso prima che un cookie venga impostato. Altri servizi, questo sito utilizza servizi di terze parti come Google Adwords o Google Analytics, Facebook ADS le cui informazioni possono esserti utili per ottimizzare la tua interazione con il nostro sito. Attraverso questi servizi possiamo utilizzare cookie per finalit\u00e0 di remarketing, senza associarli in alcun modo alla tua identit\u00e0. La funzione di remarketing o funzioni simili nel programma AdWords o Facebook ci permettono di raggiungere quegli utenti che hanno avuto accesso al vostro sito in passato e di indirizzare le persone giuste con il messaggio giusto. Dopo un po&#039; di tempo dall&#039;ultima visita al nostro sito web, il remarketing viene disattivato automaticamente. Google e Facebook rilevano i cookie memorizzati dal tuo computer e cercano di fornirti le informazioni pi\u00f9 rilevanti (in base alle tue preferenze) quando effettui ricerche in Internet.<\/p>\n\n\n\n<p><strong>DISPOSIZIONI FINALI<\/strong><br>Con l&#039;acquisto e l&#039;inoltro dell&#039;ordine il cliente accetta senza riserve le condizioni ed i termini di utilizzo, il loro valore \u00e8 pari a quello di un valido contratto concluso.<\/p>\n<div style=\"margin: 20px 0;\"><div class=\"qrcswholewtapper\" style=\"text-align:left;\"><div class=\"qrcprowrapper\"  id=\"qrcwraa2leds\"><div class=\"qrc_canvass\" id=\"qrc_cuttenpages_2\" style=\"display:inline-block\" data-text=\"https:\/\/it.nectar-lux.com\/it\/politica-de-confidentialitate\/\"><\/div><div><a download=\"Politic\u0103 de confiden\u021bialitate.png\" class=\"qrcdownloads\" id=\"worign\">\r\n           <button type=\"button\" style=\"min-width:512px;background:#d19e12;color:#000;font-weight: 600;border: 1px solid transparent;border-radius:20px;font-size:12px;padding: 6px 0;\" class=\"uqr_code_btn\">Scarica QR \ud83e\udc0b<\/button>\r\n           <\/a><\/div><\/div><\/div><\/div>","protected":false},"excerpt":{"rendered":"<p>INFORMA\u021aII PRIVIND PROTEC\u021aIA DATELORResponsabil La direcci\u00f3n de nuestra web es: https:\/\/it.nectarlux.md sau https:\/\/www.it.nectarlux.md NektarLux S.R.L. (Nume Comercial: Nectar LUX)Codul fiscal: 1017600036147Adresa fizic\u0103: Stefan Cel Mare 218, Ciutule\u0219ti 5016, Moldavia (Google Maps) \u0219i adresa juridic\u0103: or. Chisinau str. Zelinski 42 of. 44.Telefon (Ingles\/Rumano): +37378684396Contacto Social y Soporte Multiling\u00fce: Whatsapp | Instagram | FacebookMail para Soporte Multiling\u00fce y atenci\u00f3n de solicitudes en &#8230; <\/p>\n<div><a href=\"https:\/\/it.nectar-lux.com\/it\/politica-de-confidentialitate\/\" class=\"more-link\">Per saperne di pi\u00f9<\/a><\/div>","protected":false},"author":1,"featured_media":17,"parent":0,"menu_order":0,"comment_status":"closed","ping_status":"closed","template":"template-blank-1.php","meta":{"footnotes":""},"class_list":["post-3","page","type-page","status-publish","has-post-thumbnail","hentry"],"_links":{"self":[{"href":"https:\/\/it.nectar-lux.com\/it\/wp-json\/wp\/v2\/pages\/3","targetHints":{"allow":["GET"]}}],"collection":[{"href":"https:\/\/it.nectar-lux.com\/it\/wp-json\/wp\/v2\/pages"}],"about":[{"href":"https:\/\/it.nectar-lux.com\/it\/wp-json\/wp\/v2\/types\/page"}],"author":[{"embeddable":true,"href":"https:\/\/it.nectar-lux.com\/it\/wp-json\/wp\/v2\/users\/1"}],"replies":[{"embeddable":true,"href":"https:\/\/it.nectar-lux.com\/it\/wp-json\/wp\/v2\/comments?post=3"}],"version-history":[{"count":10,"href":"https:\/\/it.nectar-lux.com\/it\/wp-json\/wp\/v2\/pages\/3\/revisions"}],"predecessor-version":[{"id":479,"href":"https:\/\/it.nectar-lux.com\/it\/wp-json\/wp\/v2\/pages\/3\/revisions\/479"}],"wp:featuredmedia":[{"embeddable":true,"href":"https:\/\/it.nectar-lux.com\/it\/wp-json\/wp\/v2\/media\/17"}],"wp:attachment":[{"href":"https:\/\/it.nectar-lux.com\/it\/wp-json\/wp\/v2\/media?parent=3"}],"curies":[{"name":"wp","href":"https:\/\/api.w.org\/{rel}","templated":true}]}}