{"id":287,"date":"2021-07-21T20:08:44","date_gmt":"2021-07-21T17:08:44","guid":{"rendered":"https:\/\/it.nectarlux.md\/conditions\/"},"modified":"2021-12-03T02:48:59","modified_gmt":"2021-12-02T23:48:59","slug":"termeni-si-conditii","status":"publish","type":"page","link":"https:\/\/it.nectar-lux.com\/it\/termeni-si-conditii\/","title":{"rendered":"Termini e Condizioni"},"content":{"rendered":"<div class=\"wp-block-media-text alignwide is-stacked-on-mobile\" style=\"grid-template-columns:22% auto\"><figure class=\"wp-block-media-text__media\"><img data-recalc-dims=\"1\" loading=\"lazy\" decoding=\"async\" width=\"512\" height=\"512\" src=\"https:\/\/i0.wp.com\/it.nectarlux.md\/wp-content\/uploads\/sites\/16\/2021\/06\/Nectar-Lux-Logo-m.png?resize=512%2C512&#038;ssl=1\" alt=\"\" class=\"wp-image-19 size-full\" srcset=\"https:\/\/i0.wp.com\/it.nectar-lux.com\/wp-content\/uploads\/sites\/16\/2021\/06\/Nectar-Lux-Logo-m.png?w=512&amp;ssl=1 512w, https:\/\/i0.wp.com\/it.nectar-lux.com\/wp-content\/uploads\/sites\/16\/2021\/06\/Nectar-Lux-Logo-m.png?resize=300%2C300&amp;ssl=1 300w, https:\/\/i0.wp.com\/it.nectar-lux.com\/wp-content\/uploads\/sites\/16\/2021\/06\/Nectar-Lux-Logo-m.png?resize=100%2C100&amp;ssl=1 100w, https:\/\/i0.wp.com\/it.nectar-lux.com\/wp-content\/uploads\/sites\/16\/2021\/06\/Nectar-Lux-Logo-m.png?resize=150%2C150&amp;ssl=1 150w\" sizes=\"auto, (max-width: 512px) 100vw, 512px\" \/><\/figure><div class=\"wp-block-media-text__content\">\n<h2 class=\"wp-block-heading\">Termini e Condizioni<\/h2>\n\n\n\n<p>Gentile visitatore, Grazie per aver visitato il nostro sito Web e per essere interessato ai prodotti che vendiamo. Prima di effettuare l&#039;ordine, ti invitiamo a leggere le informazioni riportate di seguito in modo da informarti adeguatamente sul processo di acquisto e guidarti attraverso tutti i passaggi necessari, affinch\u00e9 alla fine sarai soddisfatto della tua esperienza di acquisto online sul sito www.it. nettarlux.md. Si prega di notare che l&#039;accesso e l&#039;utilizzo di questo sito Web sono soggetti al rispetto dei termini e delle condizioni riportati di seguito e delle altre leggi applicabili. I clienti, sia persone fisiche che giuridiche, effettuando un ordine confermano di aver letto e accettato i termini e le condizioni riguardanti l&#039;utilizzo del negozio virtuale sul sito www.it.nectarlux.md.<br>NektarLux SRL come persona giuridica, codice fiscale: 1017600036147, indirizzo fisico: Stefan Cel Mare 218, Ciutule\u0219ti 5016, Moldavia (<a href=\"https:\/\/goo.gl\/maps\/w4iXXGG4sYZGUokj8\" target=\"_blank\" rel=\"noreferrer noopener\">Google Maps<\/a>) e sede legale: Or. Chisinau str. Zelinski 42 di. 44, determina le condizioni generali di utilizzo del sito web www.it.nectarlux.md.<\/p>\n<\/div><\/div>\n\n\n\n<p><br><strong>Accettazione dei Termini e Condizioni d&#039;Uso<\/strong><\/p>\n\n\n\n<p>Utilizzando il sito www.it.nectarlux.md accetti i Termini e le condizioni d&#039;uso, senza alcuna altra restrizione.<br>NektarLux SRL vende al cliente, persona fisica o giuridica, i prodotti presentati sul sito e ne incassa il relativo corrispettivo. NektarLux SRL fornisce i beni e i servizi oggetto dei termini e delle condizioni di seguito. NektarLux SRL si assume il diritto di poter apportare eventuali modifiche alle presenti disposizioni, nonch\u00e9 eventuali modifiche al sito web www.it.nectarlux.md, alla sua struttura o qualsiasi altra modifica che possa influenzare il sito web, senza che sia richiesta alcuna notifica preventiva. avviso agli utenti in merito.<\/p>\n\n\n\n<p><strong>Il sito web www.it.nectarlux.md \u00e8 ospitato sui server di terze parti. NektarLux SRL non pu\u00f2 essere ritenuta responsabile per eventuali errori che potrebbero comparire sul sito per qualsiasi motivo, inclusi cambiamenti, impostazioni, aggiornamenti, ecc. NektarLux SRL non \u00e8 responsabile del contenuto, della qualit\u00e0 o della natura dei siti web raggiunti tramite collegamenti dal sito www.it.nectarlux.md, indipendentemente dalla natura di tali collegamenti. Per i rispettivi siti web, i proprietari dei siti web in questione si assumono la piena responsabilit\u00e0.<\/strong><\/p>\n\n\n\n<p><strong>COMUNICAZIONI ELETTRONICHE<\/strong><br>Accedendo al sito www.it.nectarlux.md, utilizzando, visitando, acquistando prodotti o inviando messaggi di posta elettronica indirizzati alla societ\u00e0 NektarLux SRL, SMS o messaggi al n. cellulare avviene elettronicamente. Considerando quindi che l&#039;utente acconsente a ricevere notifiche da NektarLux SRL in formato elettronico, comprese comunicazioni via e-mail o tramite annunci sul sito web.<br>Per cancellarsi da questo sito l&#039;utente pu\u00f2 inviare una email all&#039;indirizzo di posta elettronica: <a href=\"mailto:office@it.nectarlux.md\">office@it.nectarlux.md<\/a> con tale richiesta o accedendo al tuo account ed eliminare i dati.<\/p>\n\n\n\n<p><strong>COPYRIGHT<\/strong><br>L&#039;intero contenuto del sito web www.it.nectarlux.md, inclusi, ma non limitati a, testi, immagini, grafica, pulsanti, programmi, elementi grafici web, script e qualsiasi altro dato, sono di propriet\u00e0 di NektarLux SRL e\/o dei suoi partner e sono tutelati ai sensi della Legge n. 139 del 02.07.2010 sul diritto d&#039;autore e diritti connessi.<\/p>\n\n\n\n<p>La loro combinazione (design del sito web) \u00e8 di propriet\u00e0 esclusiva di NektarLux SRL, ed \u00e8 protetta dalla legge sul diritto d&#039;autore e dalle leggi sulla propriet\u00e0 intellettuale e industriale. L&#039;utilizzo senza il consenso scritto di NektarLux SRL di uno qualsiasi degli elementi sopra elencati \u00e8 punibile secondo le leggi in vigore.<br>Tutti i programmi utilizzati su questo sito web sono di propriet\u00e0 di NektarLux SRL o dei suoi fornitori di software e sono protetti dalla legge sul diritto d&#039;autore.<\/p>\n\n\n\n<p><strong>ACCESSO AL SITO<\/strong><br>La societ\u00e0 NektarLux SRL garantisce all&#039;utente un accesso limitato, nell&#039;interesse personale, a questo sito web e non gli concede il diritto di scaricare o modificare il sito web in tutto o in parte, di riprodurre il sito web in tutto o in parte, di copiare, di vendere\/rivendere o sfruttare in altro modo il sito web, per scopi commerciali o contro gli interessi di NektarLux SRL, senza il suo consenso scritto.<\/p>\n\n\n\n<p><strong>SICUREZZA DELLE INFORMAZIONI<\/strong> <\/p>\n\n\n\n<p>NektarLux SRL garantisce la sicurezza e la riservatezza dei dati ospitati e trasmessi attraverso il proprio sistema informatico. Tuttavia, NektarLux SRL non si assume alcuna responsabilit\u00e0 per la perdita di informazioni causata da eventuali malfunzionamenti o errori del software con cui \u00e8 progettato e ospitato il sito Web, n\u00e9 garantisce che il sito Web, il\/i server o le e-mail inviate da www .it.nectarlux .md non contiene virus o altri componenti dannosi. Inoltre, la societ\u00e0 NektarLux SRL non \u00e8 responsabile per guasti che mettono in pericolo la sicurezza del server su cui \u00e8 ospitato il sito web.<\/p>\n\n\n\n<hr class=\"wp-block-separator\"\/>\n\n\n\n<p><strong>Politica di restituzione\/rimborso<\/strong><br><br>RESPONSABILIT\u00c0 RIGUARDO I NOSTRI PRODOTTI NektarLux SRL garantisce la qualit\u00e0 dei prodotti consegnati.<br>Qualsiasi reclamo sar\u00e0 portato all&#039;attenzione di NektarLux SRL entro un massimo di 24 ore dal ricevimento dei prodotti, la ricevuta di pagamento \u00e8 allegata al reclamo. Qui di pi\u00f9 su <a rel=\"noreferrer noopener\" href=\"https:\/\/it.nectarlux.md\/conditii-de-livrare\/\" target=\"_blank\">Politica di restituzione\/rimborso<\/a>.<\/p>\n\n\n\n<hr class=\"wp-block-separator\"\/>\n\n\n\n<p><strong>LIMITAZIONI DI RESPONSABILIT\u00c0<\/strong><br>I prodotti del sito www.it.nectarlux.md sono offerti &quot;cos\u00ec come sono&quot; e &quot;finch\u00e9 sono disponibili&quot;, senza garanzie.<br>La societ\u00e0 NektarLux SRL non sar\u00e0 ritenuta responsabile, n\u00e9 garantisce espressamente o implicitamente, in alcun modo, per il funzionamento\/funzionalit\u00e0 del sito web, delle informazioni o del contenuto del sito web, dei materiali o dei prodotti presenti sul sito web non sar\u00e0 ritenuto responsabile per eventuali danni di qualsiasi tipo, inclusi, ma non limitati a, eventuali danni diretti, indiretti o incidentali.<\/p>\n\n\n\n<p><strong>controversie<\/strong><br>Utilizzando (visitando o acquistando prodotti) il sito web, l&#039;utente accetta che le leggi regoleranno le suddette Condizioni e Termini d&#039;Uso e qualsiasi controversia di qualsiasi tipo che possa sorgere tra l&#039;utente e NektarLux SRL e le sue affiliate. In caso di conflitti tra NektarLux SRL e i suoi clienti, verr\u00e0 prima tentata una soluzione amichevole. Se una soluzione amichevole non \u00e8 possibile, il conflitto sar\u00e0 risolto in tribunale, in conformit\u00e0 con le leggi in vigore.<\/p>\n\n\n\n<p><strong>DISCLAIMER<\/strong><br>NektarLux SRL non si assume alcuna responsabilit\u00e0 per le descrizioni dei prodotti presentate sul sito per scopi di marketing. Inoltre, le immagini presentate sul sito sono titolate, ad esempio i prodotti effettivamente consegnati potrebbero differire da essi per colore, aspetto, ecc. NektarLux SRL inoltre non garantisce la disponibilit\u00e0 in magazzino dei prodotti visualizzati, motivo per cui l&#039;azienda avr\u00e0 il diritto di non consegnare parte o tutto un determinato ordine se determinati prodotti non compaiono pi\u00f9 nell&#039;offerta attuale del suo fornitore non sono disponibili per altri motivi (temporaneamente esaurito, esaurito, ecc.). Se il pagamento viene effettuato in anticipo, il cliente avr\u00e0 diritto a ricevere indietro la somma pagata per il rispettivo prodotto. In tutti i casi in cui i prodotti non possano essere consegnati, il cliente potr\u00e0 richiedere esclusivamente la restituzione immediata delle somme gi\u00e0 incassate da NektarLux SRL, ma non altri risarcimenti.<br>Il valore massimo degli obblighi di NektarLux SRL nei confronti di qualsiasi cliente in caso di mancata consegna o consegna impropria dei prodotti acquistati \u00e8 pari all&#039;importo riscosso da NektarLux SRL dal rispettivo cliente.<\/p>\n\n\n\n<p><strong>Dopo la consegna, se si riscontra che il prodotto \u00e8 inadeguato, l&#039;acquirente ha 14 giorni di tempo per restituirlo, tutte le spese correlate (il valore del prodotto) saranno restituite all&#039;acquirente per max. 30 giorni. E le spese di consegna e di andata e ritorno restano a carico dell&#039;acquirente.<\/strong><\/p>\n\n\n\n<p>Secondo la legge n. 105 del 13.03.2003 &quot;relativa alla tutela del consumatore&quot;, si accettano in restituzione solo prodotti sigillati e non danneggiati. La responsabilit\u00e0 per eventuali danni causati al prodotto, pacco o pacco da noi inviato spetta alla societ\u00e0 di consegna secondo la legislazione in vigore. I prodotti verranno sostituiti da NektarLux SRL, se il difetto sar\u00e0 dimostrato dal corriere e verremo avvisati in tempo utile.<\/p>\n\n\n\n<p>I prodotti, ove previsto, saranno accompagnati dalla ricevuta di pagamento originale rilasciata per il prodotto. NektarLux SRL ed i suoi fornitori non si assumono alcuna responsabilit\u00e0 per eventuali errori di stampa o visualizzazione sul sito riguardanti prezzi o altri dati\/dettagli relativi ai prodotti, direttamente o indirettamente.<br>Se i prezzi o altri dettagli relativi ai prodotti sono stati visualizzati in modo errato, anche a causa del fatto che sono stati inseriti in modo errato nel database, la societ\u00e0 NektarLux SRL si riserva il diritto di annullare la consegna del rispettivo prodotto e di avvisare il cliente al pi\u00f9 presto possibile a breve circa l&#039;errore, se la consegna non \u00e8 stata ancora effettuata.<\/p>\n\n\n\n<p><strong>POLITICA DEI PREZZI, CONSEGNA DEI PRODOTTI<\/strong><br>I prezzi dei prodotti sono quelli visualizzati per ogni singolo prodotto.<br>La societ\u00e0 NektarLux SRL potr\u00e0 effettuare qualsiasi campagna promozionale riguardante i prodotti esposti sul sito, promozioni le cui condizioni saranno stabilite interamente dalla societ\u00e0 NektarLux SRL<\/p>\n\n\n\n<p>I prodotti verranno consegnati nella Repubblica Moldova, tramite un corriere. NektarLux SRL contatter\u00e0 i clienti per confermare gli ordini fino alla consegna.<\/p>\n\n\n\n<p><a rel=\"noreferrer noopener\" href=\"https:\/\/it.nectarlux.md\/conditii-de-livrare\/\" target=\"_blank\">Vedi il costo della consegna qui<\/a>.<\/p>\n\n\n\n<p>La ricezione dei prodotti \u00e8 la conferma che i prodotti sono arrivati in buone condizioni. Il voucher allegato costituisce il contratto di vendita\/acquisto tra te e NektarLux SRL secondo la normativa vigente. Il commerciante si riserva il diritto di ritardare o annullare le consegne dei prodotti ordinati, se queste non possono essere onorate per motivi imprevedibili, a norma di legge.<\/p>\n\n\n\n<p>In caso di mancata consegna dei prodotti o di consegna impropria, l&#039;importo massimo del risarcimento dei danni che pu\u00f2 essere risarcito al cliente \u00e8 l&#039;importo riscosso dal rispettivo cliente.<\/p>\n\n\n\n<p>Le spese di spedizione verranno visualizzate al momento dell&#039;ordine del prodotto, scegliendo la modalit\u00e0 di consegna. La consegna nel raggio di Chisinau e nelle altre localit\u00e0 della repubblica viene effettuata entro 72 ore.<\/p>\n\n\n\n<p><strong>POLITICA DI PAGAMENTO<\/strong><\/p>\n\n\n\n<p><em>Politica di trasmissione dei dettagli della carta di pagamento<\/em><\/p>\n\n\n\n<p>Il pagamento dei prodotti ordinati pu\u00f2 essere effettuato con le seguenti modalit\u00e0:<\/p>\n\n\n\n<p>Contrassegno;<br>Online tramite carte bancarie Master Card e Visa. In questo caso viene utilizzata la piattaforma<br>E-commerce da SA &quot;Mobiasbanca - OTP Group SA&quot;, oppure tramite stripe.com.<\/p>\n\n\n\n<p>Per poter beneficiare del pagamento online \u00e8 obbligatorio che il cliente si registri sul nostro sito, scegliendo l&#039;opzione di pagamento con carta, il cliente verr\u00e0 indirizzato alla pagina di pagamento sicuro di SA &quot;Mobiasbanca - OTP Group SA&quot;, ecomm.maib .md, o tramite stripe.com dove inserirai i dati della carta bancaria.<\/p>\n\n\n\n<p>SA &quot;Mobiasbanca - OTP Group SA&quot; e Stripe.com garantiscono la sicurezza e i dati bancari del cliente secondo le regole PCI DSS. Il trasferimento dei dati tra il sito web www.it.nectarlux.md e ecomm.maib.md o Stripe.com \u00e8 crittografato con la tecnologia SSL. Successivamente, i dati vengono trasferiti attraverso le reti della banca, che hanno il massimo grado di sicurezza. SA &quot;Mobiasbanca - OTP Group SA&quot; o stripe.com non trasmette questi dati a terzi.<\/p>\n\n\n\n<p>Per l&#039;ulteriore autenticazione del titolare della carta viene utilizzato il protocollo 3D Secure. Se la banca del cliente dispone di tale tecnologia, il cliente verr\u00e0 reindirizzato al server di quella banca per un&#039;ulteriore identificazione. Il cliente pu\u00f2 informarsi su questa procedura presso la banca che ha emesso la carta. Al completamento del pagamento online, il cliente riceve automaticamente l&#039;assegno elettronico all&#039;indirizzo e-mail indicato in fase di registrazione.<\/p>\n\n\n\n<p>La sicurezza dei pagamenti online \u00e8 garantita da SA &quot;Mobiasbanca - OTP Group SA&quot; o da stripe.com. Tutte le operazioni di pagamento con carta avvengono in stretta conformit\u00e0 con i requisiti di VISA International, MasterCard e altri sistemi di pagamento. Quando si trasferiscono i dati durante i pagamenti online, vengono utilizzate speciali tecnologie di sicurezza, l&#039;elaborazione delle informazioni avviene sui server delle societ\u00e0 di pagamento.<\/p>\n\n\n\n<p>Tramite bonifico bancario, sul conto bancario dell&#039;azienda.<\/p>\n\n\n\n<p><\/p>\n<div style=\"margin: 20px 0;\"><div class=\"qrcswholewtapper\" style=\"text-align:left;\"><div class=\"qrcprowrapper\"  id=\"qrcwraa2leds\"><div class=\"qrc_canvass\" id=\"qrc_cuttenpages_2\" style=\"display:inline-block\" data-text=\"https:\/\/it.nectar-lux.com\/it\/termeni-si-conditii\/\"><\/div><div><a download=\"Termeni \u0219i condi\u021bii.png\" class=\"qrcdownloads\" id=\"worign\">\r\n           <button type=\"button\" style=\"min-width:512px;background:#d19e12;color:#000;font-weight: 600;border: 1px solid transparent;border-radius:20px;font-size:12px;padding: 6px 0;\" class=\"uqr_code_btn\">Scarica QR \ud83e\udc0b<\/button>\r\n           <\/a><\/div><\/div><\/div><\/div>","protected":false},"excerpt":{"rendered":"<p>Termeni si conditii Stimate vizitator, \u00ce\u0163i mul\u021bumim c\u0103 accesezi site-ul nostru \u0219i te interesezi de produsele pe care le comercializ\u0103m. \u00cenainte de a plasa comanda, te rug\u0103m s\u0103 cite\u0219ti informa\u021biile de mai jos, \u00een scopul de a te informa corect \u00een leg\u0103tur\u0103 cu procesul de achizi\u021bie \u0219i de a te \u00eendruma prin to\u021bi pa\u0219ii necesari, astfel \u00eenc\u00e2t la final s\u0103 &#8230; <\/p>\n<div><a href=\"https:\/\/it.nectar-lux.com\/it\/termeni-si-conditii\/\" class=\"more-link\">Per saperne di pi\u00f9<\/a><\/div>","protected":false},"author":1,"featured_media":17,"parent":0,"menu_order":0,"comment_status":"closed","ping_status":"closed","template":"template-blank-1.php","meta":{"footnotes":""},"class_list":["post-287","page","type-page","status-publish","has-post-thumbnail","hentry"],"_links":{"self":[{"href":"https:\/\/it.nectar-lux.com\/it\/wp-json\/wp\/v2\/pages\/287","targetHints":{"allow":["GET"]}}],"collection":[{"href":"https:\/\/it.nectar-lux.com\/it\/wp-json\/wp\/v2\/pages"}],"about":[{"href":"https:\/\/it.nectar-lux.com\/it\/wp-json\/wp\/v2\/types\/page"}],"author":[{"embeddable":true,"href":"https:\/\/it.nectar-lux.com\/it\/wp-json\/wp\/v2\/users\/1"}],"replies":[{"embeddable":true,"href":"https:\/\/it.nectar-lux.com\/it\/wp-json\/wp\/v2\/comments?post=287"}],"version-history":[{"count":8,"href":"https:\/\/it.nectar-lux.com\/it\/wp-json\/wp\/v2\/pages\/287\/revisions"}],"predecessor-version":[{"id":1075,"href":"https:\/\/it.nectar-lux.com\/it\/wp-json\/wp\/v2\/pages\/287\/revisions\/1075"}],"wp:featuredmedia":[{"embeddable":true,"href":"https:\/\/it.nectar-lux.com\/it\/wp-json\/wp\/v2\/media\/17"}],"wp:attachment":[{"href":"https:\/\/it.nectar-lux.com\/it\/wp-json\/wp\/v2\/media?parent=287"}],"curies":[{"name":"wp","href":"https:\/\/api.w.org\/{rel}","templated":true}]}}